{"id":3502,"date":"2022-04-07T08:18:35","date_gmt":"2022-04-07T08:18:35","guid":{"rendered":"https:\/\/www.atvquadotwock.pl\/sklep\/?post_type=product&#038;p=3502"},"modified":"2023-01-07T13:32:55","modified_gmt":"2023-01-07T13:32:55","slug":"0800-011003-thrust-washer","status":"publish","type":"product","link":"https:\/\/www.atvquadotwock.pl\/sklep\/produkt\/0800-011003-thrust-washer\/","title":{"rendered":"0800-011003 THRUST WASHER panewka boczna cfmoto 800 820 850 1000 p\u00f3\u0142ksi\u0119\u017cyc kartera"},"content":{"rendered":"<p>THRUST WASHER panewka boczna cfmoto 800 820 850 1000 p\u00f3\u0142ksi\u0119\u017cyc kartera<\/p>\n","protected":false},"excerpt":{"rendered":"<p>THRUST WASHER panewka boczna cfmoto 800 820 850 1000 p\u00f3\u0142ksi\u0119\u017cyc kartera<\/p>\n","protected":false},"featured_media":3503,"template":"","meta":{"spay_email":""},"product_cat":[109],"product_tag":[],"woo-feed-brand":[],"acf":[],"_links":{"self":[{"href":"https:\/\/www.atvquadotwock.pl\/sklep\/wp-json\/wp\/v2\/product\/3502"}],"collection":[{"href":"https:\/\/www.atvquadotwock.pl\/sklep\/wp-json\/wp\/v2\/product"}],"about":[{"href":"https:\/\/www.atvquadotwock.pl\/sklep\/wp-json\/wp\/v2\/types\/product"}],"wp:featuredmedia":[{"embeddable":true,"href":"https:\/\/www.atvquadotwock.pl\/sklep\/wp-json\/wp\/v2\/media\/3503"}],"wp:attachment":[{"href":"https:\/\/www.atvquadotwock.pl\/sklep\/wp-json\/wp\/v2\/media?parent=3502"}],"wp:term":[{"taxonomy":"product_cat","embeddable":true,"href":"https:\/\/www.atvquadotwock.pl\/sklep\/wp-json\/wp\/v2\/product_cat?post=3502"},{"taxonomy":"product_tag","embeddable":true,"href":"https:\/\/www.atvquadotwock.pl\/sklep\/wp-json\/wp\/v2\/product_tag?post=3502"},{"taxonomy":"woo-feed-brand","embeddable":true,"href":"https:\/\/www.atvquadotwock.pl\/sklep\/wp-json\/wp\/v2\/woo-feed-brand?post=3502"}],"curies":[{"name":"wp","href":"https:\/\/api.w.org\/{rel}","templated":true}]}}