{"id":3464,"date":"2022-04-06T08:05:20","date_gmt":"2022-04-06T08:05:20","guid":{"rendered":"https:\/\/www.atvquadotwock.pl\/sklep\/?post_type=product&#038;p=3464"},"modified":"2022-04-06T14:16:37","modified_gmt":"2022-04-06T14:16:37","slug":"9ds-160310-przelacznik-na-kierownice","status":"publish","type":"product","link":"https:\/\/www.atvquadotwock.pl\/sklep\/produkt\/9ds-160310-przelacznik-na-kierownice\/","title":{"rendered":"9DS#-160310 PRZE\u0141\u0104CZNIK NA KIEROWNICE CFMOTO 625 600"},"content":{"rendered":"<p>PRZE\u0141\u0104CZNIK NA KIEROWNICE CFMOTO 625 600(USA) <\/p>\n","protected":false},"excerpt":{"rendered":"<p>PRZE\u0141\u0104CZNIK NA KIEROWNICE CFMOTO 625 600(USA)<\/p>\n","protected":false},"featured_media":3465,"template":"","meta":{"spay_email":""},"product_cat":[106],"product_tag":[],"woo-feed-brand":[],"acf":[],"_links":{"self":[{"href":"https:\/\/www.atvquadotwock.pl\/sklep\/wp-json\/wp\/v2\/product\/3464"}],"collection":[{"href":"https:\/\/www.atvquadotwock.pl\/sklep\/wp-json\/wp\/v2\/product"}],"about":[{"href":"https:\/\/www.atvquadotwock.pl\/sklep\/wp-json\/wp\/v2\/types\/product"}],"wp:featuredmedia":[{"embeddable":true,"href":"https:\/\/www.atvquadotwock.pl\/sklep\/wp-json\/wp\/v2\/media\/3465"}],"wp:attachment":[{"href":"https:\/\/www.atvquadotwock.pl\/sklep\/wp-json\/wp\/v2\/media?parent=3464"}],"wp:term":[{"taxonomy":"product_cat","embeddable":true,"href":"https:\/\/www.atvquadotwock.pl\/sklep\/wp-json\/wp\/v2\/product_cat?post=3464"},{"taxonomy":"product_tag","embeddable":true,"href":"https:\/\/www.atvquadotwock.pl\/sklep\/wp-json\/wp\/v2\/product_tag?post=3464"},{"taxonomy":"woo-feed-brand","embeddable":true,"href":"https:\/\/www.atvquadotwock.pl\/sklep\/wp-json\/wp\/v2\/woo-feed-brand?post=3464"}],"curies":[{"name":"wp","href":"https:\/\/api.w.org\/{rel}","templated":true}]}}