{"id":3417,"date":"2022-03-29T08:03:09","date_gmt":"2022-03-29T08:03:09","guid":{"rendered":"https:\/\/www.atvquadotwock.pl\/sklep\/?post_type=product&#038;p=3417"},"modified":"2024-09-25T08:07:27","modified_gmt":"2024-09-25T08:07:27","slug":"przegub-zewnetrzny-przedni-cfmoto-450-520-9crb-2701a0","status":"publish","type":"product","link":"https:\/\/www.atvquadotwock.pl\/sklep\/produkt\/przegub-zewnetrzny-przedni-cfmoto-450-520-9crb-2701a0\/","title":{"rendered":"przegub zewn\u0119trzny PRZEDNI CFMOTO 450 520 850 1000  9AW2-2801A0"},"content":{"rendered":"<p>Przegub zewn\u0119trzny CFMOTO 450 520 550<\/p>\n<p>Ilo\u015b\u0107 frez\u00f3w do piasty &#8211; 27<\/p>\n<p>Ilo\u015b\u0107 frez\u00f3w na p\u00f3\u0142o\u015b &#8211; 19<\/p>\n","protected":false},"excerpt":{"rendered":"<p>Przegub zewn\u0119trzny CFMOTO 450 520 550 Ilo\u015b\u0107 frez\u00f3w do piasty &#8211; 27 Ilo\u015b\u0107 frez\u00f3w na p\u00f3\u0142o\u015b &#8211; 19<\/p>\n","protected":false},"featured_media":3923,"template":"","meta":{"spay_email":""},"product_cat":[90,91,92],"product_tag":[],"woo-feed-brand":[],"acf":[],"_links":{"self":[{"href":"https:\/\/www.atvquadotwock.pl\/sklep\/wp-json\/wp\/v2\/product\/3417"}],"collection":[{"href":"https:\/\/www.atvquadotwock.pl\/sklep\/wp-json\/wp\/v2\/product"}],"about":[{"href":"https:\/\/www.atvquadotwock.pl\/sklep\/wp-json\/wp\/v2\/types\/product"}],"wp:featuredmedia":[{"embeddable":true,"href":"https:\/\/www.atvquadotwock.pl\/sklep\/wp-json\/wp\/v2\/media\/3923"}],"wp:attachment":[{"href":"https:\/\/www.atvquadotwock.pl\/sklep\/wp-json\/wp\/v2\/media?parent=3417"}],"wp:term":[{"taxonomy":"product_cat","embeddable":true,"href":"https:\/\/www.atvquadotwock.pl\/sklep\/wp-json\/wp\/v2\/product_cat?post=3417"},{"taxonomy":"product_tag","embeddable":true,"href":"https:\/\/www.atvquadotwock.pl\/sklep\/wp-json\/wp\/v2\/product_tag?post=3417"},{"taxonomy":"woo-feed-brand","embeddable":true,"href":"https:\/\/www.atvquadotwock.pl\/sklep\/wp-json\/wp\/v2\/woo-feed-brand?post=3417"}],"curies":[{"name":"wp","href":"https:\/\/api.w.org\/{rel}","templated":true}]}}