{"id":3311,"date":"2022-03-01T11:19:05","date_gmt":"2022-03-01T11:19:05","guid":{"rendered":"https:\/\/www.atvquadotwock.pl\/sklep\/?post_type=product&#038;p=3311"},"modified":"2022-03-28T07:51:24","modified_gmt":"2022-03-28T07:51:24","slug":"oslony-aluminiowe-odes-650-850-1000-long-i-krotki","status":"publish","type":"product","link":"https:\/\/www.atvquadotwock.pl\/sklep\/produkt\/oslony-aluminiowe-odes-650-850-1000-long-i-krotki\/","title":{"rendered":"Os\u0142ony aluminiowe ODES 650 850 1000 LONG i KR\u00d3TKI"},"content":{"rendered":"<p>Do d\u0142ugiej i kr\u00f3tkiej wersji. <\/p>\n<p>Do wersji kr\u00f3tkiej wystarczy \u015brodkow\u0105 p\u0142yt\u0119 na ko\u0144cu przyci\u0105\u0107 kilka cm. <\/p>\n","protected":false},"excerpt":{"rendered":"<p>Do d\u0142ugiej i kr\u00f3tkiej wersji. Do wersji kr\u00f3tkiej wystarczy \u015brodkow\u0105 p\u0142yt\u0119 na ko\u0144cu przyci\u0105\u0107 kilka cm.<\/p>\n","protected":false},"featured_media":3316,"template":"","meta":{"spay_email":""},"product_cat":[89],"product_tag":[],"woo-feed-brand":[],"acf":[],"_links":{"self":[{"href":"https:\/\/www.atvquadotwock.pl\/sklep\/wp-json\/wp\/v2\/product\/3311"}],"collection":[{"href":"https:\/\/www.atvquadotwock.pl\/sklep\/wp-json\/wp\/v2\/product"}],"about":[{"href":"https:\/\/www.atvquadotwock.pl\/sklep\/wp-json\/wp\/v2\/types\/product"}],"wp:featuredmedia":[{"embeddable":true,"href":"https:\/\/www.atvquadotwock.pl\/sklep\/wp-json\/wp\/v2\/media\/3316"}],"wp:attachment":[{"href":"https:\/\/www.atvquadotwock.pl\/sklep\/wp-json\/wp\/v2\/media?parent=3311"}],"wp:term":[{"taxonomy":"product_cat","embeddable":true,"href":"https:\/\/www.atvquadotwock.pl\/sklep\/wp-json\/wp\/v2\/product_cat?post=3311"},{"taxonomy":"product_tag","embeddable":true,"href":"https:\/\/www.atvquadotwock.pl\/sklep\/wp-json\/wp\/v2\/product_tag?post=3311"},{"taxonomy":"woo-feed-brand","embeddable":true,"href":"https:\/\/www.atvquadotwock.pl\/sklep\/wp-json\/wp\/v2\/woo-feed-brand?post=3311"}],"curies":[{"name":"wp","href":"https:\/\/api.w.org\/{rel}","templated":true}]}}