{"id":3224,"date":"2022-01-18T12:16:13","date_gmt":"2022-01-18T12:16:13","guid":{"rendered":"https:\/\/www.atvquadotwock.pl\/sklep\/?post_type=product&#038;p=3224"},"modified":"2022-01-18T12:16:14","modified_gmt":"2022-01-18T12:16:14","slug":"5hy0-2803a0-oslona-zewnetrzna-tylna-przebugu-cfmoto-850-100-pasuje-rowniez-do-uforce-i-zforce","status":"publish","type":"product","link":"https:\/\/www.atvquadotwock.pl\/sklep\/produkt\/5hy0-2803a0-oslona-zewnetrzna-tylna-przebugu-cfmoto-850-100-pasuje-rowniez-do-uforce-i-zforce\/","title":{"rendered":"5hy0-2803a0 OS\u0141ONA ZEWN\u0118TRZNA TYLNA PRZEBUGU CFMOTO 850 100 PASUJE R\u00d3WNIE\u017b DO UFORCE I ZFORCE"},"content":{"rendered":"<p>OS\u0141ONA ZEWN\u0118TRZNA TYLNA PRZEBUGU CFMOTO 850 100 PASUJE R\u00d3WNIE\u017b DO UFORCE I ZFORCE KOD OEM: 5HY0-2803A0 Przed zakupem zapytaj nas o dost\u0119pno\u015b\u0107. Szukasz innych cz\u0119\u015bci do CFMOTO? Napisz lub zadzwo\u0144. Tw\u00f3j autoryzowany dealer CFMOTO. Odbi\u00f3r osobisty w siedzibie lub wysy\u0142ka.<\/p>\n","protected":false},"excerpt":{"rendered":"<p>OS\u0141ONA ZEWN\u0118TRZNA TYLNA PRZEBUGU CFMOTO 850 100 PASUJE R\u00d3WNIE\u017b DO UFORCE I ZFORCE KOD OEM: 5HY0-2803A0 Przed zakupem zapytaj nas&hellip;<\/p>\n","protected":false},"featured_media":3225,"template":"","meta":{"spay_email":""},"product_cat":[97,98,107,108],"product_tag":[],"woo-feed-brand":[],"acf":[],"_links":{"self":[{"href":"https:\/\/www.atvquadotwock.pl\/sklep\/wp-json\/wp\/v2\/product\/3224"}],"collection":[{"href":"https:\/\/www.atvquadotwock.pl\/sklep\/wp-json\/wp\/v2\/product"}],"about":[{"href":"https:\/\/www.atvquadotwock.pl\/sklep\/wp-json\/wp\/v2\/types\/product"}],"wp:featuredmedia":[{"embeddable":true,"href":"https:\/\/www.atvquadotwock.pl\/sklep\/wp-json\/wp\/v2\/media\/3225"}],"wp:attachment":[{"href":"https:\/\/www.atvquadotwock.pl\/sklep\/wp-json\/wp\/v2\/media?parent=3224"}],"wp:term":[{"taxonomy":"product_cat","embeddable":true,"href":"https:\/\/www.atvquadotwock.pl\/sklep\/wp-json\/wp\/v2\/product_cat?post=3224"},{"taxonomy":"product_tag","embeddable":true,"href":"https:\/\/www.atvquadotwock.pl\/sklep\/wp-json\/wp\/v2\/product_tag?post=3224"},{"taxonomy":"woo-feed-brand","embeddable":true,"href":"https:\/\/www.atvquadotwock.pl\/sklep\/wp-json\/wp\/v2\/woo-feed-brand?post=3224"}],"curies":[{"name":"wp","href":"https:\/\/api.w.org\/{rel}","templated":true}]}}