{"id":302,"date":"2020-05-05T16:18:03","date_gmt":"2020-05-05T16:18:03","guid":{"rendered":"https:\/\/www.atvquadotwock.pl\/sklep\/?post_type=product&#038;p=302"},"modified":"2021-03-09T15:25:28","modified_gmt":"2021-03-09T15:25:28","slug":"wyciagarka-elektryczna-3000-lbs-atv-j8-titanium-winch","status":"publish","type":"product","link":"https:\/\/www.atvquadotwock.pl\/sklep\/produkt\/wyciagarka-elektryczna-3000-lbs-atv-j8-titanium-winch\/","title":{"rendered":"Wyci\u0105garka elektryczna 3000 LBS ATV J8 Titanium Winch"},"content":{"rendered":"<p>Wyci\u0105garka elektryczna 3000 LBS ATV J8 Titanium Winch<\/p>\n<p>Solidna i mocna wyci\u0105garka ATV J8 3000 przeznaczona do quad\u00f3w przeprawowych.<br \/>\nCz\u0119sto stosowana w Quadach 4K takich jak: Yamaha Grizzly, Can-Am Renegade, Polaris Sportsman itp.<br \/>\nMo\u017cna te\u017c u\u017cywa\u0107 jej w pojazdach UTV np. Polaris RZR, Yamaha Rhino itp.<br \/>\nDobra wyci\u0105garka dla ludzi zaczynaj\u0105cych przygod\u0119 z Quadami jak i dla bardziej zaawansowanych zawodnik\u00f3w je\u017cd\u017c\u0105cych na codzie\u0144 w terenie.<br \/>\nW sk\u0142ad zestawu wchodzi<\/p>\n<p>Wyci\u0105garka z lin\u0105 stalow\u0105<br \/>\nHak<br \/>\nProwadnica rolkowa<br \/>\nUniwersalna p\u0142yta monta\u017cowa<br \/>\nPrzewody zasilaj\u0105ce<br \/>\nPrzeka\u017anik<br \/>\nSterowanie na kablu &#8211; montowane na kierownicy<br \/>\nSterowanie bezprzewodowe na pilota<br \/>\n\u015aruby monta\u017cowe<br \/>\nInstrukcja obs\u0142ugi<\/p>\n","protected":false},"excerpt":{"rendered":"<p>Wyci\u0105garka elektryczna 3000 LBS ATV J8 Titanium Winch Solidna i mocna wyci\u0105garka ATV J8 3000 przeznaczona do quad\u00f3w przeprawowych. Cz\u0119sto&hellip;<\/p>\n","protected":false},"featured_media":303,"template":"","meta":{"spay_email":""},"product_cat":[39],"product_tag":[],"woo-feed-brand":[],"acf":[],"_links":{"self":[{"href":"https:\/\/www.atvquadotwock.pl\/sklep\/wp-json\/wp\/v2\/product\/302"}],"collection":[{"href":"https:\/\/www.atvquadotwock.pl\/sklep\/wp-json\/wp\/v2\/product"}],"about":[{"href":"https:\/\/www.atvquadotwock.pl\/sklep\/wp-json\/wp\/v2\/types\/product"}],"wp:featuredmedia":[{"embeddable":true,"href":"https:\/\/www.atvquadotwock.pl\/sklep\/wp-json\/wp\/v2\/media\/303"}],"wp:attachment":[{"href":"https:\/\/www.atvquadotwock.pl\/sklep\/wp-json\/wp\/v2\/media?parent=302"}],"wp:term":[{"taxonomy":"product_cat","embeddable":true,"href":"https:\/\/www.atvquadotwock.pl\/sklep\/wp-json\/wp\/v2\/product_cat?post=302"},{"taxonomy":"product_tag","embeddable":true,"href":"https:\/\/www.atvquadotwock.pl\/sklep\/wp-json\/wp\/v2\/product_tag?post=302"},{"taxonomy":"woo-feed-brand","embeddable":true,"href":"https:\/\/www.atvquadotwock.pl\/sklep\/wp-json\/wp\/v2\/woo-feed-brand?post=302"}],"curies":[{"name":"wp","href":"https:\/\/api.w.org\/{rel}","templated":true}]}}