{"id":285,"date":"2020-05-05T10:21:18","date_gmt":"2020-05-05T10:21:18","guid":{"rendered":"https:\/\/www.atvquadotwock.pl\/sklep\/?post_type=product&#038;p=285"},"modified":"2021-10-05T09:56:10","modified_gmt":"2021-10-05T09:56:10","slug":"olej-motul-5000-4t-10w40-1l-polsyntetyk","status":"publish","type":"product","link":"https:\/\/www.atvquadotwock.pl\/sklep\/produkt\/olej-motul-5000-4t-10w40-1l-polsyntetyk\/","title":{"rendered":"OLEJ MOTUL 5000 4T 10w40 1L P\u00d3\u0141SYNTETYK"},"content":{"rendered":"<p>Motul jest francusk\u0105 firm\u0105, produkuj\u0105c\u0105 najwy\u017cszej jako\u015bci oleje silnikowe oraz przemys\u0142owe \u015brodki smarne ju\u017c od ponad 160 lat.Olej pochodzi z oficjalnej Polskiej Dystrybucji.<\/p>\n<p>P\u00f3\u0142 syntetyczny olej do silnikw czterosuwowych. Wykonany z u\u017cyciem technologii HC TECH na bazie sk\u0142adnik\u00f3w syntetycznych, zapewnia ochron\u0119 silnika i skrzyni bieg\u00f3w. Spe\u0142nia wymagania JASO MA, antypo\u015blizgowa technologia do mokrych sprz\u0119gie\u0142. R\u00f3wnie\u017c do uk\u0142ad\u00f3w z katalizatorem.<\/p>\n<p>Zastosowanie: Olej silnikowy<\/p>\n<p>Typ Silnika: 4-suwowy<\/p>\n","protected":false},"excerpt":{"rendered":"<p>Motul jest francusk\u0105 firm\u0105, produkuj\u0105c\u0105 najwy\u017cszej jako\u015bci oleje silnikowe oraz przemys\u0142owe \u015brodki smarne ju\u017c od ponad 160 lat.Olej pochodzi z&hellip;<\/p>\n","protected":false},"featured_media":286,"template":"","meta":{"spay_email":""},"product_cat":[27],"product_tag":[],"woo-feed-brand":[],"acf":[],"_links":{"self":[{"href":"https:\/\/www.atvquadotwock.pl\/sklep\/wp-json\/wp\/v2\/product\/285"}],"collection":[{"href":"https:\/\/www.atvquadotwock.pl\/sklep\/wp-json\/wp\/v2\/product"}],"about":[{"href":"https:\/\/www.atvquadotwock.pl\/sklep\/wp-json\/wp\/v2\/types\/product"}],"wp:featuredmedia":[{"embeddable":true,"href":"https:\/\/www.atvquadotwock.pl\/sklep\/wp-json\/wp\/v2\/media\/286"}],"wp:attachment":[{"href":"https:\/\/www.atvquadotwock.pl\/sklep\/wp-json\/wp\/v2\/media?parent=285"}],"wp:term":[{"taxonomy":"product_cat","embeddable":true,"href":"https:\/\/www.atvquadotwock.pl\/sklep\/wp-json\/wp\/v2\/product_cat?post=285"},{"taxonomy":"product_tag","embeddable":true,"href":"https:\/\/www.atvquadotwock.pl\/sklep\/wp-json\/wp\/v2\/product_tag?post=285"},{"taxonomy":"woo-feed-brand","embeddable":true,"href":"https:\/\/www.atvquadotwock.pl\/sklep\/wp-json\/wp\/v2\/woo-feed-brand?post=285"}],"curies":[{"name":"wp","href":"https:\/\/api.w.org\/{rel}","templated":true}]}}