{"id":283,"date":"2020-05-05T10:13:48","date_gmt":"2020-05-05T10:13:48","guid":{"rendered":"https:\/\/www.atvquadotwock.pl\/sklep\/?post_type=product&#038;p=283"},"modified":"2022-07-25T13:43:00","modified_gmt":"2022-07-25T13:43:00","slug":"olej-motul-5100-10w40-technosyntese-ester-1l","status":"publish","type":"product","link":"https:\/\/www.atvquadotwock.pl\/sklep\/produkt\/olej-motul-5100-10w40-technosyntese-ester-1l\/","title":{"rendered":"OLEJ MOTUL 5100 10w40 TECHNOSYNTESE ESTER 1L"},"content":{"rendered":"<p>MOTUL 5100 10w40 TECHNOSYNTESE ESTER 1L<\/p>\n<p>p\u00f3\u0142syntetyk<\/p>\n<p>Olej do silnik\u00f3w 4-suwowych w motocyklach szosowych, crossowych, enduro&#8230;, na drogi, miasto, autostrady i w teren. Na bazie estr\u00f3w, specialne dodatki poprawiaj\u0105ce dzia\u0142anie skrzyni bieg\u00f3w. Spe\u0142nia normy: API SG, JASO MA. Opakowanie 4 litry<br \/>\nDzi\u0119ki swojej uniwersalno\u015bci zyska\u0142 szczeg\u00f3lne uznanie w\u015br\u00f3d motocyklist\u00f3w w Europie.<br \/>\nZastosowa\u0107 mo\u017cna go do wszystkich motocykli szosowych i terenowych. Je\u017celi nie wiesz jaki kupi\u0107 olej to postaw na 5100. Sprosta on wymaganiom zar\u00f3wno starych i ma\u0142o wysilonych silnik\u00f3w jak te\u017c wsp\u00f3\u0142czesnym jednostkom wysilonych silnik\u00f3w w motocyklach sportowych.<\/p>\n","protected":false},"excerpt":{"rendered":"<p>MOTUL 5100 10w40 TECHNOSYNTESE ESTER 1L p\u00f3\u0142syntetyk Olej do silnik\u00f3w 4-suwowych w motocyklach szosowych, crossowych, enduro&#8230;, na drogi, miasto, autostrady&hellip;<\/p>\n","protected":false},"featured_media":284,"template":"","meta":{"spay_email":""},"product_cat":[80,27],"product_tag":[],"woo-feed-brand":[],"acf":[],"_links":{"self":[{"href":"https:\/\/www.atvquadotwock.pl\/sklep\/wp-json\/wp\/v2\/product\/283"}],"collection":[{"href":"https:\/\/www.atvquadotwock.pl\/sklep\/wp-json\/wp\/v2\/product"}],"about":[{"href":"https:\/\/www.atvquadotwock.pl\/sklep\/wp-json\/wp\/v2\/types\/product"}],"wp:featuredmedia":[{"embeddable":true,"href":"https:\/\/www.atvquadotwock.pl\/sklep\/wp-json\/wp\/v2\/media\/284"}],"wp:attachment":[{"href":"https:\/\/www.atvquadotwock.pl\/sklep\/wp-json\/wp\/v2\/media?parent=283"}],"wp:term":[{"taxonomy":"product_cat","embeddable":true,"href":"https:\/\/www.atvquadotwock.pl\/sklep\/wp-json\/wp\/v2\/product_cat?post=283"},{"taxonomy":"product_tag","embeddable":true,"href":"https:\/\/www.atvquadotwock.pl\/sklep\/wp-json\/wp\/v2\/product_tag?post=283"},{"taxonomy":"woo-feed-brand","embeddable":true,"href":"https:\/\/www.atvquadotwock.pl\/sklep\/wp-json\/wp\/v2\/woo-feed-brand?post=283"}],"curies":[{"name":"wp","href":"https:\/\/api.w.org\/{rel}","templated":true}]}}