{"id":2754,"date":"2021-06-23T09:17:46","date_gmt":"2021-06-23T09:17:46","guid":{"rendered":"https:\/\/www.atvquadotwock.pl\/sklep\/?post_type=product&#038;p=2754"},"modified":"2021-06-23T09:17:48","modified_gmt":"2021-06-23T09:17:48","slug":"slizgi-sprzegla-cvtech-cfmoto-800-820-cf-moto","status":"publish","type":"product","link":"https:\/\/www.atvquadotwock.pl\/sklep\/produkt\/slizgi-sprzegla-cvtech-cfmoto-800-820-cf-moto\/","title":{"rendered":"\u015aLIZGI SPRZ\u0118G\u0141A CVTECH CFMOTO 800 820 CF MOTO"},"content":{"rendered":"<p>\u015aLIZGI SPRZ\u0118G\u0141A CVTECH CFMOTO 800 820 CF MOTO<\/p>\n<p>CENA ZA SZT<\/p>\n<p>0800-052204<\/p>\n","protected":false},"excerpt":{"rendered":"<p>\u015aLIZGI SPRZ\u0118G\u0141A CVTECH CFMOTO 800 820 CF MOTO CENA ZA SZT 0800-052204<\/p>\n","protected":false},"featured_media":2755,"template":"","meta":{"spay_email":""},"product_cat":[95,96],"product_tag":[],"woo-feed-brand":[],"acf":[],"_links":{"self":[{"href":"https:\/\/www.atvquadotwock.pl\/sklep\/wp-json\/wp\/v2\/product\/2754"}],"collection":[{"href":"https:\/\/www.atvquadotwock.pl\/sklep\/wp-json\/wp\/v2\/product"}],"about":[{"href":"https:\/\/www.atvquadotwock.pl\/sklep\/wp-json\/wp\/v2\/types\/product"}],"wp:featuredmedia":[{"embeddable":true,"href":"https:\/\/www.atvquadotwock.pl\/sklep\/wp-json\/wp\/v2\/media\/2755"}],"wp:attachment":[{"href":"https:\/\/www.atvquadotwock.pl\/sklep\/wp-json\/wp\/v2\/media?parent=2754"}],"wp:term":[{"taxonomy":"product_cat","embeddable":true,"href":"https:\/\/www.atvquadotwock.pl\/sklep\/wp-json\/wp\/v2\/product_cat?post=2754"},{"taxonomy":"product_tag","embeddable":true,"href":"https:\/\/www.atvquadotwock.pl\/sklep\/wp-json\/wp\/v2\/product_tag?post=2754"},{"taxonomy":"woo-feed-brand","embeddable":true,"href":"https:\/\/www.atvquadotwock.pl\/sklep\/wp-json\/wp\/v2\/woo-feed-brand?post=2754"}],"curies":[{"name":"wp","href":"https:\/\/api.w.org\/{rel}","templated":true}]}}