{"id":2723,"date":"2021-06-16T14:45:36","date_gmt":"2021-06-16T14:45:36","guid":{"rendered":"https:\/\/www.atvquadotwock.pl\/sklep\/?post_type=product&#038;p=2723"},"modified":"2021-06-16T14:45:37","modified_gmt":"2021-06-16T14:45:37","slug":"rekawiczki-cfmoto-oryginalne-cf-moto","status":"publish","type":"product","link":"https:\/\/www.atvquadotwock.pl\/sklep\/produkt\/rekawiczki-cfmoto-oryginalne-cf-moto\/","title":{"rendered":"R\u0119kawiczki CFMOTO ORYGINALNE CF MOTO"},"content":{"rendered":"<p>Oryginalne r\u0119kawiczki CFMOTO do jazdy. Posiadaj\u0105 ochroniacze na kostki.<br \/>\nRozmiar L<\/p>\n","protected":false},"excerpt":{"rendered":"<p>Oryginalne r\u0119kawiczki CFMOTO do jazdy. Posiadaj\u0105 ochroniacze na kostki. Rozmiar L<\/p>\n","protected":false},"featured_media":2729,"template":"","meta":{"spay_email":""},"product_cat":[70],"product_tag":[],"woo-feed-brand":[],"acf":[],"_links":{"self":[{"href":"https:\/\/www.atvquadotwock.pl\/sklep\/wp-json\/wp\/v2\/product\/2723"}],"collection":[{"href":"https:\/\/www.atvquadotwock.pl\/sklep\/wp-json\/wp\/v2\/product"}],"about":[{"href":"https:\/\/www.atvquadotwock.pl\/sklep\/wp-json\/wp\/v2\/types\/product"}],"wp:featuredmedia":[{"embeddable":true,"href":"https:\/\/www.atvquadotwock.pl\/sklep\/wp-json\/wp\/v2\/media\/2729"}],"wp:attachment":[{"href":"https:\/\/www.atvquadotwock.pl\/sklep\/wp-json\/wp\/v2\/media?parent=2723"}],"wp:term":[{"taxonomy":"product_cat","embeddable":true,"href":"https:\/\/www.atvquadotwock.pl\/sklep\/wp-json\/wp\/v2\/product_cat?post=2723"},{"taxonomy":"product_tag","embeddable":true,"href":"https:\/\/www.atvquadotwock.pl\/sklep\/wp-json\/wp\/v2\/product_tag?post=2723"},{"taxonomy":"woo-feed-brand","embeddable":true,"href":"https:\/\/www.atvquadotwock.pl\/sklep\/wp-json\/wp\/v2\/woo-feed-brand?post=2723"}],"curies":[{"name":"wp","href":"https:\/\/api.w.org\/{rel}","templated":true}]}}