{"id":2601,"date":"2021-05-13T13:39:06","date_gmt":"2021-05-13T13:39:06","guid":{"rendered":"https:\/\/www.atvquadotwock.pl\/sklep\/?post_type=product&#038;p=2601"},"modified":"2023-02-03T08:28:32","modified_gmt":"2023-02-03T08:28:32","slug":"oryginalny-zderzak-bumper-tyl-tylny-do-cfmoto-450-520","status":"publish","type":"product","link":"https:\/\/www.atvquadotwock.pl\/sklep\/produkt\/oryginalny-zderzak-bumper-tyl-tylny-do-cfmoto-450-520\/","title":{"rendered":"Oryginalny zderzak bumper TY\u0141 TYLNY do CFMOTO 450 520"},"content":{"rendered":"<p>Oryginalny zderzak bumper do CFMOTO 450 520<br \/>\nW CA\u0141O\u015aCI WYPRODUKOWANY PRZEZ CFMOTO. W zestawie \u015bruby monta\u017cowe.<\/p>\n<p>9GQ0-200400<\/p>\n","protected":false},"excerpt":{"rendered":"<p>Oryginalny zderzak bumper do CFMOTO 450 520 W CA\u0141O\u015aCI WYPRODUKOWANY PRZEZ CFMOTO. W zestawie \u015bruby monta\u017cowe. 9GQ0-200400<\/p>\n","protected":false},"featured_media":2602,"template":"","meta":{"spay_email":""},"product_cat":[90,91,41],"product_tag":[],"woo-feed-brand":[],"acf":[],"_links":{"self":[{"href":"https:\/\/www.atvquadotwock.pl\/sklep\/wp-json\/wp\/v2\/product\/2601"}],"collection":[{"href":"https:\/\/www.atvquadotwock.pl\/sklep\/wp-json\/wp\/v2\/product"}],"about":[{"href":"https:\/\/www.atvquadotwock.pl\/sklep\/wp-json\/wp\/v2\/types\/product"}],"wp:featuredmedia":[{"embeddable":true,"href":"https:\/\/www.atvquadotwock.pl\/sklep\/wp-json\/wp\/v2\/media\/2602"}],"wp:attachment":[{"href":"https:\/\/www.atvquadotwock.pl\/sklep\/wp-json\/wp\/v2\/media?parent=2601"}],"wp:term":[{"taxonomy":"product_cat","embeddable":true,"href":"https:\/\/www.atvquadotwock.pl\/sklep\/wp-json\/wp\/v2\/product_cat?post=2601"},{"taxonomy":"product_tag","embeddable":true,"href":"https:\/\/www.atvquadotwock.pl\/sklep\/wp-json\/wp\/v2\/product_tag?post=2601"},{"taxonomy":"woo-feed-brand","embeddable":true,"href":"https:\/\/www.atvquadotwock.pl\/sklep\/wp-json\/wp\/v2\/woo-feed-brand?post=2601"}],"curies":[{"name":"wp","href":"https:\/\/api.w.org\/{rel}","templated":true}]}}