{"id":2595,"date":"2021-05-13T11:29:59","date_gmt":"2021-05-13T11:29:59","guid":{"rendered":"https:\/\/www.atvquadotwock.pl\/sklep\/?post_type=product&#038;p=2595"},"modified":"2023-01-31T09:43:58","modified_gmt":"2023-01-31T09:43:58","slug":"akumulator-agm-gel-mtx20-bs-moretti","status":"publish","type":"product","link":"https:\/\/www.atvquadotwock.pl\/sklep\/produkt\/akumulator-agm-gel-mtx20-bs-moretti\/","title":{"rendered":"Akumulator AGM (Gel) CFMOTO 500 X5 625 X6 Moretti 18AH 20AH"},"content":{"rendered":"<p>DO wi\u0119kszo\u015bci starszych CFMOTO. 500 x5 625 x6 (do roku 2016)<br \/>\n20ah (18ah)<\/p>\n<p>Akumulatory AGM s\u0105 wykonane w nowszej technologii dlatego charakteryzuj\u0105 si\u0119 d\u0142u\u017csz\u0105 \u017cywotno\u015bci\u0105 i mocniejszymi parametrami. W ich wn\u0119trzu znajduj\u0105 si\u0119 maty z w\u0142\u00f3kna szklanego, u\u0142o\u017cone pomi\u0119dzy p\u0142ytami dodatnimi i ujemnymi kt\u00f3re zalane s\u0105 elektrolitem. Je\u017celi jest to akumulator, kt\u00f3ry zosta\u0142 zalany ju\u017c fabrycznie mo\u017cna go umie\u015bci\u0107 w motocyklu pod dowolnym k\u0105tem, natomiast na rynku znale\u017a\u0107 mo\u017cna r\u00f3wnie\u017c AGMy, kt\u00f3re nale\u017cy zala\u0107 samemu, wtedy k\u0105t przechy\u0142u takiego akumulatora nie powinien przekracza\u0107 45\u00b0 aby nie dopu\u015bci\u0107 do rozlania si\u0119 elektrolitu. Ich zalet\u0105 jest przede wszystkim odporno\u015b\u0107 na wstrz\u0105sy i wysoki pr\u0105d rozruchowy.<\/p>\n<p>Opis og\u00f3lny:<\/p>\n<p>typ AGM (Gel)<br \/>\nnapi\u0119cie 12V<br \/>\npojemno\u015b\u0107 20 Ah<br \/>\npr\u0105d rozruchowy 270 A<br \/>\nsugerowany pr\u0105d \u0142adowania: 2.0A ( 10h )<br \/>\nwaga 6 kg<br \/>\nwymiary sz.176x g\u0142.89x w.160 mm<br \/>\nIlo\u015b\u0107\/Karton: 4 szt.<br \/>\nwaga \u0142\u0105czna opakowania 24,2 kg<\/p>\n<p>W sk\u0142ad zestawu wchodz\u0105:<\/p>\n<p>akumulator<br \/>\ninstrukcja obs\u0142ugi PL<\/p>\n","protected":false},"excerpt":{"rendered":"<p>DO wi\u0119kszo\u015bci starszych CFMOTO. 500 x5 625 x6 (do roku 2016) 20ah (18ah) Akumulatory AGM s\u0105 wykonane w nowszej technologii&hellip;<\/p>\n","protected":false},"featured_media":2596,"template":"","meta":{"spay_email":""},"product_cat":[112,100,94,20],"product_tag":[],"woo-feed-brand":[],"acf":[],"_links":{"self":[{"href":"https:\/\/www.atvquadotwock.pl\/sklep\/wp-json\/wp\/v2\/product\/2595"}],"collection":[{"href":"https:\/\/www.atvquadotwock.pl\/sklep\/wp-json\/wp\/v2\/product"}],"about":[{"href":"https:\/\/www.atvquadotwock.pl\/sklep\/wp-json\/wp\/v2\/types\/product"}],"wp:featuredmedia":[{"embeddable":true,"href":"https:\/\/www.atvquadotwock.pl\/sklep\/wp-json\/wp\/v2\/media\/2596"}],"wp:attachment":[{"href":"https:\/\/www.atvquadotwock.pl\/sklep\/wp-json\/wp\/v2\/media?parent=2595"}],"wp:term":[{"taxonomy":"product_cat","embeddable":true,"href":"https:\/\/www.atvquadotwock.pl\/sklep\/wp-json\/wp\/v2\/product_cat?post=2595"},{"taxonomy":"product_tag","embeddable":true,"href":"https:\/\/www.atvquadotwock.pl\/sklep\/wp-json\/wp\/v2\/product_tag?post=2595"},{"taxonomy":"woo-feed-brand","embeddable":true,"href":"https:\/\/www.atvquadotwock.pl\/sklep\/wp-json\/wp\/v2\/woo-feed-brand?post=2595"}],"curies":[{"name":"wp","href":"https:\/\/api.w.org\/{rel}","templated":true}]}}