{"id":2593,"date":"2021-05-13T11:08:18","date_gmt":"2021-05-13T11:08:18","guid":{"rendered":"https:\/\/www.atvquadotwock.pl\/sklep\/?post_type=product&#038;p=2593"},"modified":"2023-07-12T12:01:20","modified_gmt":"2023-07-12T12:01:20","slug":"akumulator-agm-mb30l-bs-12v-30ah-moretti","status":"publish","type":"product","link":"https:\/\/www.atvquadotwock.pl\/sklep\/produkt\/akumulator-agm-mb30l-bs-12v-30ah-moretti\/","title":{"rendered":"Akumulator AGM MB30L-BS 12V 30Ah Moretti"},"content":{"rendered":"<p>Pasuje do wi\u0119kszo\u015bci nowych CFMOTO.<br \/>\n30ah<\/p>\n<p>Akumulatory AGM s\u0105 wykonane w nowszej technologii dlatego charakteryzuj\u0105 si\u0119 d\u0142u\u017csz\u0105 \u017cywotno\u015bci\u0105 i mocniejszymi parametrami. W ich wn\u0119trzu znajduj\u0105 si\u0119 maty z w\u0142\u00f3kna szklanego, u\u0142o\u017cone pomi\u0119dzy p\u0142ytami dodatnimi i ujemnymi kt\u00f3re zalane s\u0105 elektrolitem. Je\u017celi jest to akumulator, kt\u00f3ry zosta\u0142 zalany ju\u017c fabrycznie mo\u017cna go umie\u015bci\u0107 w motocyklu pod dowolnym k\u0105tem, natomiast na rynku znale\u017a\u0107 mo\u017cna r\u00f3wnie\u017c AGMy, kt\u00f3re nale\u017cy zala\u0107 samemu, wtedy k\u0105t przechy\u0142u takiego akumulatora nie powinien przekracza\u0107 45\u00b0 aby nie dopu\u015bci\u0107 do rozlania si\u0119 elektrolitu. Ich zalet\u0105 jest przede wszystkim odporno\u015b\u0107 na wstrz\u0105sy i wysoki pr\u0105d rozruchowy.<\/p>\n<p>Opis og\u00f3lny:<\/p>\n<p>model: MB30L-BS(MF)<br \/>\ntyp AGM (Gel)<br \/>\nnapi\u0119cie 12V<br \/>\npojemno\u015b\u0107 30 Ah<br \/>\npr\u0105d rozruchowy: 300 A<br \/>\nsugerowany pr\u0105d \u0142adowania: 3,0A, ( 10h )<br \/>\nwaga: 8,40 kg<br \/>\nwymiary sz.165x g\u0142.125x w.175 mm<br \/>\nIlo\u015b\u0107\/Karton: &#8211;<br \/>\nwaga \u0142\u0105czna opakowania: &#8211;<\/p>\n<p>W sk\u0142ad zestawu wchodz\u0105:<\/p>\n<p>akumulator<br \/>\ninstrukcja obs\u0142ugi PL<\/p>\n","protected":false},"excerpt":{"rendered":"<p>Pasuje do wi\u0119kszo\u015bci nowych CFMOTO. 30ah Akumulatory AGM s\u0105 wykonane w nowszej technologii dlatego charakteryzuj\u0105 si\u0119 d\u0142u\u017csz\u0105 \u017cywotno\u015bci\u0105 i mocniejszymi&hellip;<\/p>\n","protected":false},"featured_media":2594,"template":"","meta":{"spay_email":""},"product_cat":[90,91,92,93,106,95,96,97,98,109,107,111,113,108,110,20],"product_tag":[],"woo-feed-brand":[],"acf":[],"_links":{"self":[{"href":"https:\/\/www.atvquadotwock.pl\/sklep\/wp-json\/wp\/v2\/product\/2593"}],"collection":[{"href":"https:\/\/www.atvquadotwock.pl\/sklep\/wp-json\/wp\/v2\/product"}],"about":[{"href":"https:\/\/www.atvquadotwock.pl\/sklep\/wp-json\/wp\/v2\/types\/product"}],"wp:featuredmedia":[{"embeddable":true,"href":"https:\/\/www.atvquadotwock.pl\/sklep\/wp-json\/wp\/v2\/media\/2594"}],"wp:attachment":[{"href":"https:\/\/www.atvquadotwock.pl\/sklep\/wp-json\/wp\/v2\/media?parent=2593"}],"wp:term":[{"taxonomy":"product_cat","embeddable":true,"href":"https:\/\/www.atvquadotwock.pl\/sklep\/wp-json\/wp\/v2\/product_cat?post=2593"},{"taxonomy":"product_tag","embeddable":true,"href":"https:\/\/www.atvquadotwock.pl\/sklep\/wp-json\/wp\/v2\/product_tag?post=2593"},{"taxonomy":"woo-feed-brand","embeddable":true,"href":"https:\/\/www.atvquadotwock.pl\/sklep\/wp-json\/wp\/v2\/woo-feed-brand?post=2593"}],"curies":[{"name":"wp","href":"https:\/\/api.w.org\/{rel}","templated":true}]}}