{"id":2554,"date":"2021-05-04T13:03:31","date_gmt":"2021-05-04T13:03:31","guid":{"rendered":"https:\/\/www.atvquadotwock.pl\/sklep\/?post_type=product&#038;p=2554"},"modified":"2021-05-04T13:06:46","modified_gmt":"2021-05-04T13:06:46","slug":"plywak-paliwa-wskaznik-cfmoto-450-520-czujnik-9gq0-170200","status":"publish","type":"product","link":"https:\/\/www.atvquadotwock.pl\/sklep\/produkt\/plywak-paliwa-wskaznik-cfmoto-450-520-czujnik-9gq0-170200\/","title":{"rendered":"P\u0142ywak paliwa wska\u017anik CFMOTO 450 520 CZUJNIK 9GQ0-170200"},"content":{"rendered":"<p>P\u0142ywak paliwa wska\u017anik CFMOTO 500 625 X5 X6 X7<\/p>\n<p>FUEL LEVEL SENSOR\t9GQ0-170200<\/p>\n","protected":false},"excerpt":{"rendered":"<p>P\u0142ywak paliwa wska\u017anik CFMOTO 500 625 X5 X6 X7 FUEL LEVEL SENSOR 9GQ0-170200<\/p>\n","protected":false},"featured_media":2555,"template":"","meta":{"spay_email":""},"product_cat":[90,91],"product_tag":[],"woo-feed-brand":[],"acf":[],"_links":{"self":[{"href":"https:\/\/www.atvquadotwock.pl\/sklep\/wp-json\/wp\/v2\/product\/2554"}],"collection":[{"href":"https:\/\/www.atvquadotwock.pl\/sklep\/wp-json\/wp\/v2\/product"}],"about":[{"href":"https:\/\/www.atvquadotwock.pl\/sklep\/wp-json\/wp\/v2\/types\/product"}],"wp:featuredmedia":[{"embeddable":true,"href":"https:\/\/www.atvquadotwock.pl\/sklep\/wp-json\/wp\/v2\/media\/2555"}],"wp:attachment":[{"href":"https:\/\/www.atvquadotwock.pl\/sklep\/wp-json\/wp\/v2\/media?parent=2554"}],"wp:term":[{"taxonomy":"product_cat","embeddable":true,"href":"https:\/\/www.atvquadotwock.pl\/sklep\/wp-json\/wp\/v2\/product_cat?post=2554"},{"taxonomy":"product_tag","embeddable":true,"href":"https:\/\/www.atvquadotwock.pl\/sklep\/wp-json\/wp\/v2\/product_tag?post=2554"},{"taxonomy":"woo-feed-brand","embeddable":true,"href":"https:\/\/www.atvquadotwock.pl\/sklep\/wp-json\/wp\/v2\/woo-feed-brand?post=2554"}],"curies":[{"name":"wp","href":"https:\/\/api.w.org\/{rel}","templated":true}]}}