{"id":2552,"date":"2021-05-04T12:59:24","date_gmt":"2021-05-04T12:59:24","guid":{"rendered":"https:\/\/www.atvquadotwock.pl\/sklep\/?post_type=product&#038;p=2552"},"modified":"2022-04-13T08:32:52","modified_gmt":"2022-04-13T08:32:52","slug":"plywak-paliwa-wskaznik-cfmoto-500-625-x5-x6-x7-9010-170120","status":"publish","type":"product","link":"https:\/\/www.atvquadotwock.pl\/sklep\/produkt\/plywak-paliwa-wskaznik-cfmoto-500-625-x5-x6-x7-9010-170120\/","title":{"rendered":"P\u0142ywak paliwa wska\u017anik CFMOTO 500 625 X5 X6 X7 9010-170120"},"content":{"rendered":"<p>P\u0142ywak paliwa wska\u017anik CFMOTO 500 625 X5 X6 X7<\/p>\n<p>FUEL LEVEL SENSOR\t9010-170120<\/p>\n","protected":false},"excerpt":{"rendered":"<p>P\u0142ywak paliwa wska\u017anik CFMOTO 500 625 X5 X6 X7 FUEL LEVEL SENSOR 9010-170120<\/p>\n","protected":false},"featured_media":2553,"template":"","meta":{"spay_email":""},"product_cat":[112,100,94],"product_tag":[],"woo-feed-brand":[],"acf":[],"_links":{"self":[{"href":"https:\/\/www.atvquadotwock.pl\/sklep\/wp-json\/wp\/v2\/product\/2552"}],"collection":[{"href":"https:\/\/www.atvquadotwock.pl\/sklep\/wp-json\/wp\/v2\/product"}],"about":[{"href":"https:\/\/www.atvquadotwock.pl\/sklep\/wp-json\/wp\/v2\/types\/product"}],"wp:featuredmedia":[{"embeddable":true,"href":"https:\/\/www.atvquadotwock.pl\/sklep\/wp-json\/wp\/v2\/media\/2553"}],"wp:attachment":[{"href":"https:\/\/www.atvquadotwock.pl\/sklep\/wp-json\/wp\/v2\/media?parent=2552"}],"wp:term":[{"taxonomy":"product_cat","embeddable":true,"href":"https:\/\/www.atvquadotwock.pl\/sklep\/wp-json\/wp\/v2\/product_cat?post=2552"},{"taxonomy":"product_tag","embeddable":true,"href":"https:\/\/www.atvquadotwock.pl\/sklep\/wp-json\/wp\/v2\/product_tag?post=2552"},{"taxonomy":"woo-feed-brand","embeddable":true,"href":"https:\/\/www.atvquadotwock.pl\/sklep\/wp-json\/wp\/v2\/woo-feed-brand?post=2552"}],"curies":[{"name":"wp","href":"https:\/\/api.w.org\/{rel}","templated":true}]}}