{"id":2530,"date":"2021-04-28T17:14:03","date_gmt":"2021-04-28T17:14:03","guid":{"rendered":"https:\/\/www.atvquadotwock.pl\/sklep\/?post_type=product&#038;p=2530"},"modified":"2021-09-09T11:50:56","modified_gmt":"2021-09-09T11:50:56","slug":"cfmoto-250nk","status":"publish","type":"product","link":"https:\/\/www.atvquadotwock.pl\/sklep\/produkt\/cfmoto-250nk\/","title":{"rendered":"CFMOTO 250NK"},"content":{"rendered":"<p>Marka CFMOTO znana na ca\u0142ym \u015bwiecie w tym sprzedawana w Stanach Zjednoczonych gdzie klienci s\u0105 bardzo wymagaj\u0105cy. Znana przedewszystkim z bardzo dobrej jako\u015bci swoich produkt\u00f3w, stara si\u0119 przyci\u0105gn\u0105\u0107 w\u0142a\u015bcicieli Japo\u0144skich i Ameryka\u0144skich pojazd\u00f3w na swoj\u0105 stron\u0119, oferuj\u0105c \u015bwie\u017co\u015b\u0107, technologi\u0119 oraz cen\u0119. CFMOTO wraz z KTM w jednej fabryce tworz\u0105 motocykle przysz\u0142o\u015bci.<br \/>\nPrzedstawiamy pa\u0144stwu CFMOTO 250NK<br \/>\n1 cylindrowy, 4 suwowy silnik o<br \/>\nPojemno\u015bci 249cmm3 i mocy oko\u0142o 27KM.<br \/>\nSystem wtryskowy firmy BOSCH<br \/>\n6 stopniowa skrzynia<br \/>\nMaksymalna pr\u0119dko\u015b\u0107 128km\/h<br \/>\nWaga 151kg<br \/>\nWymiary; 1990x780x1070 mm<br \/>\nZbiornik paliwa 12.5L<br \/>\nPosiada ABS, cyfrowy licznik z dziennym i nocnym trybem.<\/p>\n<p>Pojazd nowy i obi\u0119ty 24 miesi\u0119czn\u0105 gwarancj\u0105. Przy zakupie przeprowadzany jest przegl\u0105d OT-0.<\/p>\n<p>Przegl\u0105d zerowy (OT-0) przed wydaniem dla klienta polega na:<br \/>\n\u2705 zalaniu nowego akumulatora, odpowietrzaniem i do\u0142adowaniem na stole (kilka h). Na ko\u0144cu w\u0142o\u017ceniem do pojazdu wraz z przesmarowywaniem klem wazelin\u0105 techniczn\u0105.<br \/>\n\u2705 przesmarowanie po\u0142\u0105cze\u0144 elektrycznych wazelin\u0105 technicz\u0105<br \/>\n\u2705 sprawdzenie p\u0142yn\u00f3w fabrycznych (oleje, p\u0142yn ch\u0142odniczy, hamulcowy)<br \/>\n\u2705 sprawdzenie \u015brub, os\u0142on i ewentualne dokr\u0119cenie.<br \/>\n\u2705 sprawdzenie \u0142\u0105\u0144cucha.<br \/>\n\u2705 kontrola \u015bwiate\u0142.<br \/>\n\u2705 kontrola systemu ABS.<br \/>\n\u2705 zagrzanie pojazdu do temperatury roboczej wraz z kontrol\u0105 wentylatora<br \/>\n\u2705 og\u00f3lna kontrola pojazdu, ustawienie godziny na liczniku, nas\u0142uchiwanie pracy silnika, nap\u0119d\u00f3w itp.<\/p>\n<p>Zapraszamy do kupna CFMOTO i skorzystania z naszych us\u0142ug przegl\u0105dowych oraz serwisu. Kupuj\u0105c u nas CFMOTO masz -100z\u0142 przegl\u0105d gwarancyjny. Do 20% rabatu (zale\u017cy od asortymentu) w naszym sklepie na VIN pojazdu. Kontakt sta\u0142y telefoniczny oraz mailowy. Porady techniczne i przedewszystkim do\u015bwiadczenie od 2005r z CFMOTO.<\/p>\n<p>Oferujemy RATY dla os\u00f3b prywatnych i LEASING dla firm.<br \/>\nWsp\u00f3\u0142pracujemy z bankami PKO, BNP PARIBAS, EFL i ALIOR<\/p>\n<p>Zapraszamy do naszej siedziby w Otwocku (20km pod Warszaw\u0105)<br \/>\n05-400 Otwock<br \/>\nul. \u0141ugi 82<br \/>\n791 477 830<\/p>\n","protected":false},"excerpt":{"rendered":"<p>Marka CFMOTO znana na ca\u0142ym \u015bwiecie w tym sprzedawana w Stanach Zjednoczonych gdzie klienci s\u0105 bardzo wymagaj\u0105cy. Znana przedewszystkim z&hellip;<\/p>\n","protected":false},"featured_media":2537,"template":"","meta":{"spay_email":""},"product_cat":[117],"product_tag":[],"woo-feed-brand":[],"acf":[],"_links":{"self":[{"href":"https:\/\/www.atvquadotwock.pl\/sklep\/wp-json\/wp\/v2\/product\/2530"}],"collection":[{"href":"https:\/\/www.atvquadotwock.pl\/sklep\/wp-json\/wp\/v2\/product"}],"about":[{"href":"https:\/\/www.atvquadotwock.pl\/sklep\/wp-json\/wp\/v2\/types\/product"}],"wp:featuredmedia":[{"embeddable":true,"href":"https:\/\/www.atvquadotwock.pl\/sklep\/wp-json\/wp\/v2\/media\/2537"}],"wp:attachment":[{"href":"https:\/\/www.atvquadotwock.pl\/sklep\/wp-json\/wp\/v2\/media?parent=2530"}],"wp:term":[{"taxonomy":"product_cat","embeddable":true,"href":"https:\/\/www.atvquadotwock.pl\/sklep\/wp-json\/wp\/v2\/product_cat?post=2530"},{"taxonomy":"product_tag","embeddable":true,"href":"https:\/\/www.atvquadotwock.pl\/sklep\/wp-json\/wp\/v2\/product_tag?post=2530"},{"taxonomy":"woo-feed-brand","embeddable":true,"href":"https:\/\/www.atvquadotwock.pl\/sklep\/wp-json\/wp\/v2\/woo-feed-brand?post=2530"}],"curies":[{"name":"wp","href":"https:\/\/api.w.org\/{rel}","templated":true}]}}