{"id":250,"date":"2020-05-04T14:13:08","date_gmt":"2020-05-04T14:13:08","guid":{"rendered":"https:\/\/www.atvquadotwock.pl\/sklep\/?post_type=product&#038;p=250"},"modified":"2022-04-07T10:39:34","modified_gmt":"2022-04-07T10:39:34","slug":"4-lancuszek-pompy-oleju-cf-moto-500-x5-0180-074000","status":"publish","type":"product","link":"https:\/\/www.atvquadotwock.pl\/sklep\/produkt\/4-lancuszek-pompy-oleju-cf-moto-500-x5-0180-074000\/","title":{"rendered":"4. \u0141A\u0143CUSZEK POMPY OLEJU CF MOTO 500 X5 (0180-074000)"},"content":{"rendered":"<p>\u0141A\u0143CUSZEK POMPY OLEJU CF MOTO 500 X5 POZYCJA NA SCHEMACIE 4<\/p>\n<p>OEM 0180-074000<\/p>\n","protected":false},"excerpt":{"rendered":"<p>\u0141A\u0143CUSZEK POMPY OLEJU CF MOTO 500 X5 POZYCJA NA SCHEMACIE 4 OEM 0180-074000<\/p>\n","protected":false},"featured_media":251,"template":"","meta":{"spay_email":""},"product_cat":[100],"product_tag":[],"woo-feed-brand":[],"acf":[],"_links":{"self":[{"href":"https:\/\/www.atvquadotwock.pl\/sklep\/wp-json\/wp\/v2\/product\/250"}],"collection":[{"href":"https:\/\/www.atvquadotwock.pl\/sklep\/wp-json\/wp\/v2\/product"}],"about":[{"href":"https:\/\/www.atvquadotwock.pl\/sklep\/wp-json\/wp\/v2\/types\/product"}],"wp:featuredmedia":[{"embeddable":true,"href":"https:\/\/www.atvquadotwock.pl\/sklep\/wp-json\/wp\/v2\/media\/251"}],"wp:attachment":[{"href":"https:\/\/www.atvquadotwock.pl\/sklep\/wp-json\/wp\/v2\/media?parent=250"}],"wp:term":[{"taxonomy":"product_cat","embeddable":true,"href":"https:\/\/www.atvquadotwock.pl\/sklep\/wp-json\/wp\/v2\/product_cat?post=250"},{"taxonomy":"product_tag","embeddable":true,"href":"https:\/\/www.atvquadotwock.pl\/sklep\/wp-json\/wp\/v2\/product_tag?post=250"},{"taxonomy":"woo-feed-brand","embeddable":true,"href":"https:\/\/www.atvquadotwock.pl\/sklep\/wp-json\/wp\/v2\/woo-feed-brand?post=250"}],"curies":[{"name":"wp","href":"https:\/\/api.w.org\/{rel}","templated":true}]}}