{"id":2470,"date":"2021-04-19T14:10:58","date_gmt":"2021-04-19T14:10:58","guid":{"rendered":"https:\/\/www.atvquadotwock.pl\/sklep\/?post_type=product&#038;p=2470"},"modified":"2021-04-19T14:10:59","modified_gmt":"2021-04-19T14:10:59","slug":"wal-napedowy-tyl-tylny-cfmoto-500-625-long-cf-moto","status":"publish","type":"product","link":"https:\/\/www.atvquadotwock.pl\/sklep\/produkt\/wal-napedowy-tyl-tylny-cfmoto-500-625-long-cf-moto\/","title":{"rendered":"Wa\u0142 nap\u0119dowy ty\u0142 tylny CFMOTO 500 625 LONG CF MOTO"},"content":{"rendered":"<p>Wa\u0142 nap\u0119dowy ty\u0142 tylny DO CFMOTO 500 625<\/p>\n<p>PASUJE TYLKO DO: LONG<\/p>\n<p>&nbsp;<\/p>\n<p>901A-300100<\/p>\n","protected":false},"excerpt":{"rendered":"<p>Wa\u0142 nap\u0119dowy ty\u0142 tylny DO CFMOTO 500 625 PASUJE TYLKO DO: LONG &nbsp; 901A-300100<\/p>\n","protected":false},"featured_media":2472,"template":"","meta":{"spay_email":""},"product_cat":[112,100,94],"product_tag":[],"woo-feed-brand":[],"acf":[],"_links":{"self":[{"href":"https:\/\/www.atvquadotwock.pl\/sklep\/wp-json\/wp\/v2\/product\/2470"}],"collection":[{"href":"https:\/\/www.atvquadotwock.pl\/sklep\/wp-json\/wp\/v2\/product"}],"about":[{"href":"https:\/\/www.atvquadotwock.pl\/sklep\/wp-json\/wp\/v2\/types\/product"}],"wp:featuredmedia":[{"embeddable":true,"href":"https:\/\/www.atvquadotwock.pl\/sklep\/wp-json\/wp\/v2\/media\/2472"}],"wp:attachment":[{"href":"https:\/\/www.atvquadotwock.pl\/sklep\/wp-json\/wp\/v2\/media?parent=2470"}],"wp:term":[{"taxonomy":"product_cat","embeddable":true,"href":"https:\/\/www.atvquadotwock.pl\/sklep\/wp-json\/wp\/v2\/product_cat?post=2470"},{"taxonomy":"product_tag","embeddable":true,"href":"https:\/\/www.atvquadotwock.pl\/sklep\/wp-json\/wp\/v2\/product_tag?post=2470"},{"taxonomy":"woo-feed-brand","embeddable":true,"href":"https:\/\/www.atvquadotwock.pl\/sklep\/wp-json\/wp\/v2\/woo-feed-brand?post=2470"}],"curies":[{"name":"wp","href":"https:\/\/api.w.org\/{rel}","templated":true}]}}