{"id":2464,"date":"2021-04-19T13:57:08","date_gmt":"2021-04-19T13:57:08","guid":{"rendered":"https:\/\/www.atvquadotwock.pl\/sklep\/?post_type=product&#038;p=2464"},"modified":"2023-02-01T12:57:09","modified_gmt":"2023-02-01T12:57:09","slug":"tylna-plyta-do-wyciagarki-cfmoto-450-520-550-600-850-1000","status":"publish","type":"product","link":"https:\/\/www.atvquadotwock.pl\/sklep\/produkt\/tylna-plyta-do-wyciagarki-cfmoto-450-520-550-600-850-1000\/","title":{"rendered":"Tylna p\u0142yta do wyci\u0105garki CFMOTO 450 520 550 600 850 1000"},"content":{"rendered":"<p style=\"text-align: left;\">Mocowanie uniwersalne tylnej wyci\u0105garki zamiast haka.<\/p>\n<p style=\"text-align: left;\">Pasuje do wi\u0119kszo\u015bci CFMOTO po 2017r z wej\u015bciem &#8220;kwadratowym&#8221; w ramie.<\/p>\n<p style=\"text-align: left;\">Zale\u017cy od modelu, mo\u017cna sobie PRZYCI\u0104\u0106 D\u0141UGO\u015a\u0106 dyszla, aby nie wystawa\u0142a tak wyci\u0105garka JAK NA ZDJ\u0118CIU.<\/p>\n<p style=\"text-align: left;\">Nast\u0119pnie przewierci\u0107 na trzpie\u0144 zabezpieczaj\u0105cy kt\u00f3ry jest w zestawie z zawleczk\u0105. Mo\u017cna w ka\u017cdej chwili odpi\u0105\u0107 taki zestaw.<\/p>\n<p style=\"text-align: left;\">Przed zakupem zapytaj nas o dost\u0119pno\u015b\u0107.<\/p>\n<p style=\"text-align: left;\">Szukasz innych cz\u0119\u015bci do CFMOTO?<\/p>\n<p style=\"text-align: left;\">Napisz lub zadzwo\u0144.<\/p>\n<p style=\"text-align: left;\">Tw\u00f3j autoryzowany dealer CFMOTO.<\/p>\n<p style=\"text-align: left;\">Sklep ATV-QUAD 05-400 Otwock ul. \u0141ugi 82<\/p>\n<p style=\"text-align: left;\">Czynny od Poniedzia\u0142ku do Pi\u0105tku 10:00 \u2013 18:00<\/p>\n<p style=\"text-align: left;\">tel. 791 477 830<\/p>\n<p style=\"text-align: left;\">facebook.com\/quadyotwock znajd\u017a nas nas na FACEBOOKU i zostaw recenzj\u0119 a otrzymasz 10% rabatu na zam\u00f3wienie!<\/p>\n<p style=\"text-align: left;\">instagram.com\/atvquadotwock obserwuj nas na instagramie a dowiesz si\u0119 o nowo\u015bciach, tuningowaniu quad\u00f3w jak i relacji z przegl\u0105d\u00f3w.<\/p>\n","protected":false},"excerpt":{"rendered":"<p>Mocowanie uniwersalne tylnej wyci\u0105garki zamiast haka. Pasuje do wi\u0119kszo\u015bci CFMOTO po 2017r z wej\u015bciem &#8220;kwadratowym&#8221; w ramie. Zale\u017cy od modelu,&hellip;<\/p>\n","protected":false},"featured_media":2466,"template":"","meta":{"spay_email":""},"product_cat":[90,91,92,93,106,96,97,98,109,107,111,113,108,110],"product_tag":[],"woo-feed-brand":[],"acf":[],"_links":{"self":[{"href":"https:\/\/www.atvquadotwock.pl\/sklep\/wp-json\/wp\/v2\/product\/2464"}],"collection":[{"href":"https:\/\/www.atvquadotwock.pl\/sklep\/wp-json\/wp\/v2\/product"}],"about":[{"href":"https:\/\/www.atvquadotwock.pl\/sklep\/wp-json\/wp\/v2\/types\/product"}],"wp:featuredmedia":[{"embeddable":true,"href":"https:\/\/www.atvquadotwock.pl\/sklep\/wp-json\/wp\/v2\/media\/2466"}],"wp:attachment":[{"href":"https:\/\/www.atvquadotwock.pl\/sklep\/wp-json\/wp\/v2\/media?parent=2464"}],"wp:term":[{"taxonomy":"product_cat","embeddable":true,"href":"https:\/\/www.atvquadotwock.pl\/sklep\/wp-json\/wp\/v2\/product_cat?post=2464"},{"taxonomy":"product_tag","embeddable":true,"href":"https:\/\/www.atvquadotwock.pl\/sklep\/wp-json\/wp\/v2\/product_tag?post=2464"},{"taxonomy":"woo-feed-brand","embeddable":true,"href":"https:\/\/www.atvquadotwock.pl\/sklep\/wp-json\/wp\/v2\/woo-feed-brand?post=2464"}],"curies":[{"name":"wp","href":"https:\/\/api.w.org\/{rel}","templated":true}]}}