{"id":245,"date":"2020-05-04T13:56:27","date_gmt":"2020-05-04T13:56:27","guid":{"rendered":"https:\/\/www.atvquadotwock.pl\/sklep\/?post_type=product&#038;p=245"},"modified":"2022-12-06T11:33:13","modified_gmt":"2022-12-06T11:33:13","slug":"spody-aluminiowe-do-quada-cfmoto-520l","status":"publish","type":"product","link":"https:\/\/www.atvquadotwock.pl\/sklep\/produkt\/spody-aluminiowe-do-quada-cfmoto-520l\/","title":{"rendered":"SPODY ALUMINIOWE DO QUADA CFMOTO 450\/520 LONG do 2019r"},"content":{"rendered":"<p>Spody aluminiowe do twojego quada. Wykonane z aluminium blachy 4. UWAGA DO 2019R. od 2019r s\u0105 troszk\u0119 inne os\u0142ony na wahacze z racji innych hamulc\u00f3w.<\/p>\n<p>waga ok 17kg.<\/p>\n<p>ZESTAW \u015aRUBEK DO MONTA\u017bU W ZESTAWIE<\/p>\n<p>POLSKIEJ PRODUKCJI<\/p>\n","protected":false},"excerpt":{"rendered":"<p>Spody aluminiowe do twojego quada. Wykonane z aluminium blachy 4. UWAGA DO 2019R. od 2019r s\u0105 troszk\u0119 inne os\u0142ony na&hellip;<\/p>\n","protected":false},"featured_media":3328,"template":"","meta":{"spay_email":""},"product_cat":[90,91,89],"product_tag":[],"woo-feed-brand":[],"acf":[],"_links":{"self":[{"href":"https:\/\/www.atvquadotwock.pl\/sklep\/wp-json\/wp\/v2\/product\/245"}],"collection":[{"href":"https:\/\/www.atvquadotwock.pl\/sklep\/wp-json\/wp\/v2\/product"}],"about":[{"href":"https:\/\/www.atvquadotwock.pl\/sklep\/wp-json\/wp\/v2\/types\/product"}],"wp:featuredmedia":[{"embeddable":true,"href":"https:\/\/www.atvquadotwock.pl\/sklep\/wp-json\/wp\/v2\/media\/3328"}],"wp:attachment":[{"href":"https:\/\/www.atvquadotwock.pl\/sklep\/wp-json\/wp\/v2\/media?parent=245"}],"wp:term":[{"taxonomy":"product_cat","embeddable":true,"href":"https:\/\/www.atvquadotwock.pl\/sklep\/wp-json\/wp\/v2\/product_cat?post=245"},{"taxonomy":"product_tag","embeddable":true,"href":"https:\/\/www.atvquadotwock.pl\/sklep\/wp-json\/wp\/v2\/product_tag?post=245"},{"taxonomy":"woo-feed-brand","embeddable":true,"href":"https:\/\/www.atvquadotwock.pl\/sklep\/wp-json\/wp\/v2\/woo-feed-brand?post=245"}],"curies":[{"name":"wp","href":"https:\/\/api.w.org\/{rel}","templated":true}]}}