{"id":235,"date":"2020-05-04T13:22:30","date_gmt":"2020-05-04T13:22:30","guid":{"rendered":"https:\/\/www.atvquadotwock.pl\/sklep\/?post_type=product&#038;p=235"},"modified":"2021-09-10T08:04:21","modified_gmt":"2021-09-10T08:04:21","slug":"motul-plyn-do-nasaczania-filtrow-powietrza-04l-spray","status":"publish","type":"product","link":"https:\/\/www.atvquadotwock.pl\/sklep\/produkt\/motul-plyn-do-nasaczania-filtrow-powietrza-04l-spray\/","title":{"rendered":"MOTUL P\u0141YN DO NAS\u0104CZANIA FILTR\u00d3W POWIETRZA 0,4L SPRAY"},"content":{"rendered":"<p>olej do nas\u0105czania filtr\u00f3w powietrza<\/p>\n<p>MOTUL pojemno\u015b\u0107 0,4 L spray<\/p>\n","protected":false},"excerpt":{"rendered":"<p>olej do nas\u0105czania filtr\u00f3w powietrza MOTUL pojemno\u015b\u0107 0,4 L spray<\/p>\n","protected":false},"featured_media":236,"template":"","meta":{"spay_email":""},"product_cat":[80,27],"product_tag":[],"woo-feed-brand":[],"acf":[],"_links":{"self":[{"href":"https:\/\/www.atvquadotwock.pl\/sklep\/wp-json\/wp\/v2\/product\/235"}],"collection":[{"href":"https:\/\/www.atvquadotwock.pl\/sklep\/wp-json\/wp\/v2\/product"}],"about":[{"href":"https:\/\/www.atvquadotwock.pl\/sklep\/wp-json\/wp\/v2\/types\/product"}],"wp:featuredmedia":[{"embeddable":true,"href":"https:\/\/www.atvquadotwock.pl\/sklep\/wp-json\/wp\/v2\/media\/236"}],"wp:attachment":[{"href":"https:\/\/www.atvquadotwock.pl\/sklep\/wp-json\/wp\/v2\/media?parent=235"}],"wp:term":[{"taxonomy":"product_cat","embeddable":true,"href":"https:\/\/www.atvquadotwock.pl\/sklep\/wp-json\/wp\/v2\/product_cat?post=235"},{"taxonomy":"product_tag","embeddable":true,"href":"https:\/\/www.atvquadotwock.pl\/sklep\/wp-json\/wp\/v2\/product_tag?post=235"},{"taxonomy":"woo-feed-brand","embeddable":true,"href":"https:\/\/www.atvquadotwock.pl\/sklep\/wp-json\/wp\/v2\/woo-feed-brand?post=235"}],"curies":[{"name":"wp","href":"https:\/\/api.w.org\/{rel}","templated":true}]}}