{"id":2325,"date":"2021-03-02T11:08:43","date_gmt":"2021-03-02T11:08:43","guid":{"rendered":"https:\/\/www.atvquadotwock.pl\/sklep\/?post_type=product&#038;p=2325"},"modified":"2024-12-09T10:38:50","modified_gmt":"2024-12-09T10:38:50","slug":"lusterka-lusterko-cfmoto-500-cf-moto-x5-x6-x7-625","status":"publish","type":"product","link":"https:\/\/www.atvquadotwock.pl\/sklep\/produkt\/lusterka-lusterko-cfmoto-500-cf-moto-x5-x6-x7-625\/","title":{"rendered":"LUSTERKA LUSTERKO CFMOTO komplet m8 gwint NOWY WZ\u00d3R"},"content":{"rendered":"<ul>\n<li>\n<div><b>Homologacja E4<\/b><\/div>\n<\/li>\n<li>\n<div>Kolor czarny<\/div>\n<\/li>\n<li>\n<div>Mo\u017cliwo\u015b\u0107 regulacji<\/div>\n<\/li>\n<li>\n<div>Stalowe rami\u0119 lusterka<\/div>\n<\/li>\n<li>\n<div>Uniwersalne lusterka z gwintem M8 prawy \/ lewy<\/div>\n<\/li>\n<li>Cena dotyczy 1 kompletu (2 sztuki)]<\/li>\n<li>zamiennik wygl\u0105daj\u0105cy jak oryginalne<\/li>\n<\/ul>\n","protected":false},"excerpt":{"rendered":"<p>Homologacja E4 Kolor czarny Mo\u017cliwo\u015b\u0107 regulacji Stalowe rami\u0119 lusterka Uniwersalne lusterka z gwintem M8 prawy \/ lewy Cena dotyczy 1&hellip;<\/p>\n","protected":false},"featured_media":5916,"template":"","meta":{"spay_email":""},"product_cat":[112,100,94,90,91,92,93,106,95,96,97,98],"product_tag":[],"woo-feed-brand":[],"acf":[],"_links":{"self":[{"href":"https:\/\/www.atvquadotwock.pl\/sklep\/wp-json\/wp\/v2\/product\/2325"}],"collection":[{"href":"https:\/\/www.atvquadotwock.pl\/sklep\/wp-json\/wp\/v2\/product"}],"about":[{"href":"https:\/\/www.atvquadotwock.pl\/sklep\/wp-json\/wp\/v2\/types\/product"}],"wp:featuredmedia":[{"embeddable":true,"href":"https:\/\/www.atvquadotwock.pl\/sklep\/wp-json\/wp\/v2\/media\/5916"}],"wp:attachment":[{"href":"https:\/\/www.atvquadotwock.pl\/sklep\/wp-json\/wp\/v2\/media?parent=2325"}],"wp:term":[{"taxonomy":"product_cat","embeddable":true,"href":"https:\/\/www.atvquadotwock.pl\/sklep\/wp-json\/wp\/v2\/product_cat?post=2325"},{"taxonomy":"product_tag","embeddable":true,"href":"https:\/\/www.atvquadotwock.pl\/sklep\/wp-json\/wp\/v2\/product_tag?post=2325"},{"taxonomy":"woo-feed-brand","embeddable":true,"href":"https:\/\/www.atvquadotwock.pl\/sklep\/wp-json\/wp\/v2\/woo-feed-brand?post=2325"}],"curies":[{"name":"wp","href":"https:\/\/api.w.org\/{rel}","templated":true}]}}