{"id":2291,"date":"2021-02-18T16:31:19","date_gmt":"2021-02-18T16:31:19","guid":{"rendered":"https:\/\/www.atvquadotwock.pl\/sklep\/?post_type=product&#038;p=2291"},"modified":"2021-02-26T15:55:34","modified_gmt":"2021-02-26T15:55:34","slug":"7020-040412-cover-relay-box","status":"publish","type":"product","link":"https:\/\/www.atvquadotwock.pl\/sklep\/produkt\/7020-040412-cover-relay-box\/","title":{"rendered":"Szk\u0142o szybka os\u0142ona PRZEKA\u0179NIK\u00d3W plastik CFMOTO 7020-040412 cover relay box"},"content":{"rendered":"<p>Szk\u0142o szybka os\u0142ona PRZEKA\u0179NIK\u00d3W plastik CFMOTO<\/p>\n","protected":false},"excerpt":{"rendered":"<p>Szk\u0142o szybka os\u0142ona PRZEKA\u0179NIK\u00d3W plastik CFMOTO<\/p>\n","protected":false},"featured_media":2289,"template":"","meta":{"spay_email":""},"product_cat":[90,91,92,93,106,95,96,97,98],"product_tag":[],"woo-feed-brand":[],"acf":[],"_links":{"self":[{"href":"https:\/\/www.atvquadotwock.pl\/sklep\/wp-json\/wp\/v2\/product\/2291"}],"collection":[{"href":"https:\/\/www.atvquadotwock.pl\/sklep\/wp-json\/wp\/v2\/product"}],"about":[{"href":"https:\/\/www.atvquadotwock.pl\/sklep\/wp-json\/wp\/v2\/types\/product"}],"wp:featuredmedia":[{"embeddable":true,"href":"https:\/\/www.atvquadotwock.pl\/sklep\/wp-json\/wp\/v2\/media\/2289"}],"wp:attachment":[{"href":"https:\/\/www.atvquadotwock.pl\/sklep\/wp-json\/wp\/v2\/media?parent=2291"}],"wp:term":[{"taxonomy":"product_cat","embeddable":true,"href":"https:\/\/www.atvquadotwock.pl\/sklep\/wp-json\/wp\/v2\/product_cat?post=2291"},{"taxonomy":"product_tag","embeddable":true,"href":"https:\/\/www.atvquadotwock.pl\/sklep\/wp-json\/wp\/v2\/product_tag?post=2291"},{"taxonomy":"woo-feed-brand","embeddable":true,"href":"https:\/\/www.atvquadotwock.pl\/sklep\/wp-json\/wp\/v2\/woo-feed-brand?post=2291"}],"curies":[{"name":"wp","href":"https:\/\/api.w.org\/{rel}","templated":true}]}}