{"id":229,"date":"2020-05-04T12:34:32","date_gmt":"2020-05-04T12:34:32","guid":{"rendered":"https:\/\/www.atvquadotwock.pl\/sklep\/?post_type=product&#038;p=229"},"modified":"2024-01-23T12:13:49","modified_gmt":"2024-01-23T12:13:49","slug":"zestaw-cfmoto-500-520-550-600","status":"publish","type":"product","link":"https:\/\/www.atvquadotwock.pl\/sklep\/produkt\/zestaw-cfmoto-500-520-550-600\/","title":{"rendered":"Zestaw przegl\u0105dowy DU\u017bY CFMOTO 450 520 550 600"},"content":{"rendered":"<p>ZESTAW ZAWIERA WSZYSTKO CO WIDOCZNE NA ZDJ\u0118CIU<br \/>\nFILTR OLEJU<br \/>\nFILTR POWIETRZA wyst\u0119puje w r\u00f3\u017cnych kolorach szary, niebieski, wysy\u0142amy losowo<br \/>\nFILTR PALIWA<br \/>\n3 L OLEJU MOTUL 51O0<br \/>\n1 L OLEJU MOTUL 80W90<\/p>\n","protected":false},"excerpt":{"rendered":"<p>ZESTAW ZAWIERA WSZYSTKO CO WIDOCZNE NA ZDJ\u0118CIU FILTR OLEJU FILTR POWIETRZA wyst\u0119puje w r\u00f3\u017cnych kolorach szary, niebieski, wysy\u0142amy losowo FILTR&hellip;<\/p>\n","protected":false},"featured_media":317,"template":"","meta":{"spay_email":""},"product_cat":[80],"product_tag":[],"woo-feed-brand":[],"acf":[],"_links":{"self":[{"href":"https:\/\/www.atvquadotwock.pl\/sklep\/wp-json\/wp\/v2\/product\/229"}],"collection":[{"href":"https:\/\/www.atvquadotwock.pl\/sklep\/wp-json\/wp\/v2\/product"}],"about":[{"href":"https:\/\/www.atvquadotwock.pl\/sklep\/wp-json\/wp\/v2\/types\/product"}],"wp:featuredmedia":[{"embeddable":true,"href":"https:\/\/www.atvquadotwock.pl\/sklep\/wp-json\/wp\/v2\/media\/317"}],"wp:attachment":[{"href":"https:\/\/www.atvquadotwock.pl\/sklep\/wp-json\/wp\/v2\/media?parent=229"}],"wp:term":[{"taxonomy":"product_cat","embeddable":true,"href":"https:\/\/www.atvquadotwock.pl\/sklep\/wp-json\/wp\/v2\/product_cat?post=229"},{"taxonomy":"product_tag","embeddable":true,"href":"https:\/\/www.atvquadotwock.pl\/sklep\/wp-json\/wp\/v2\/product_tag?post=229"},{"taxonomy":"woo-feed-brand","embeddable":true,"href":"https:\/\/www.atvquadotwock.pl\/sklep\/wp-json\/wp\/v2\/woo-feed-brand?post=229"}],"curies":[{"name":"wp","href":"https:\/\/api.w.org\/{rel}","templated":true}]}}