{"id":2272,"date":"2021-02-18T14:09:59","date_gmt":"2021-02-18T14:09:59","guid":{"rendered":"https:\/\/www.atvquadotwock.pl\/sklep\/?post_type=product&#038;p=2272"},"modified":"2021-02-19T13:06:06","modified_gmt":"2021-02-19T13:06:06","slug":"0800-025000","status":"publish","type":"product","link":"https:\/\/www.atvquadotwock.pl\/sklep\/produkt\/0800-025000\/","title":{"rendered":"Odblokowany kolektor CFMOTO 800 820 T3B L7e TUNING MOCY 0800-025000"},"content":{"rendered":"<p>Odblokowany kolektor CFMOTO 800 820 T3B L7e TUNING MOCY JEST TO NIEZD\u0141AWIONA WERSJA bo w\u0142o\u017ceniu do 820 z homologacj\u0105 l7e. Quad zyskuj\u0119 ponad 20koni wi\u0119cej. Wi\u0119cej informacji i pomocy z odblokowaniem zapraszamy do kontaktu!<\/p>\n<p>0800-025000<\/p>\n","protected":false},"excerpt":{"rendered":"<p>Odblokowany kolektor CFMOTO 800 820 T3B L7e TUNING MOCY JEST TO NIEZD\u0141AWIONA WERSJA bo w\u0142o\u017ceniu do 820 z homologacj\u0105 l7e.&hellip;<\/p>\n","protected":false},"featured_media":2273,"template":"","meta":{"spay_email":""},"product_cat":[95,96],"product_tag":[],"woo-feed-brand":[],"acf":[],"_links":{"self":[{"href":"https:\/\/www.atvquadotwock.pl\/sklep\/wp-json\/wp\/v2\/product\/2272"}],"collection":[{"href":"https:\/\/www.atvquadotwock.pl\/sklep\/wp-json\/wp\/v2\/product"}],"about":[{"href":"https:\/\/www.atvquadotwock.pl\/sklep\/wp-json\/wp\/v2\/types\/product"}],"wp:featuredmedia":[{"embeddable":true,"href":"https:\/\/www.atvquadotwock.pl\/sklep\/wp-json\/wp\/v2\/media\/2273"}],"wp:attachment":[{"href":"https:\/\/www.atvquadotwock.pl\/sklep\/wp-json\/wp\/v2\/media?parent=2272"}],"wp:term":[{"taxonomy":"product_cat","embeddable":true,"href":"https:\/\/www.atvquadotwock.pl\/sklep\/wp-json\/wp\/v2\/product_cat?post=2272"},{"taxonomy":"product_tag","embeddable":true,"href":"https:\/\/www.atvquadotwock.pl\/sklep\/wp-json\/wp\/v2\/product_tag?post=2272"},{"taxonomy":"woo-feed-brand","embeddable":true,"href":"https:\/\/www.atvquadotwock.pl\/sklep\/wp-json\/wp\/v2\/woo-feed-brand?post=2272"}],"curies":[{"name":"wp","href":"https:\/\/api.w.org\/{rel}","templated":true}]}}