{"id":2262,"date":"2021-02-15T14:54:49","date_gmt":"2021-02-15T14:54:49","guid":{"rendered":"https:\/\/www.atvquadotwock.pl\/sklep\/?post_type=product&#038;p=2262"},"modified":"2021-11-08T09:21:19","modified_gmt":"2021-11-08T09:21:19","slug":"lacznik-stabilizatora-lewy-tyl-cfmoto-450-520-550-600-625-800-820-850-1000","status":"publish","type":"product","link":"https:\/\/www.atvquadotwock.pl\/sklep\/produkt\/lacznik-stabilizatora-lewy-tyl-cfmoto-450-520-550-600-625-800-820-850-1000\/","title":{"rendered":"\u0141\u0105cznik stabilizatora LEWY ty\u0142 cfmoto 450 520 550 600 625 800 820 850 1000"},"content":{"rendered":"<p>\u0141\u0105cznik stabilizatora LEWY<\/p>\n<p>&nbsp;<\/p>\n<table class=\"views-table cols-4 table\">\n<tbody>\n<tr class=\"odd\">\n<td class=\"views-field views-field-block-parts-blockpart-name\">BALL PIN, LH<\/td>\n<td class=\"views-field views-field-block-parts-blockpart-sku-value\">9010-060700-1000<br \/>\nReplaced by 9010-060700-20000<\/td>\n<\/tr>\n<\/tbody>\n<\/table>\n","protected":false},"excerpt":{"rendered":"<p>\u0141\u0105cznik stabilizatora LEWY &nbsp; BALL PIN, LH 9010-060700-1000 Replaced by 9010-060700-20000<\/p>\n","protected":false},"featured_media":2263,"template":"","meta":{"spay_email":""},"product_cat":[112,100,94,90,91,92,93,106,95,96,97,98,109,107,111,113,108,110],"product_tag":[],"woo-feed-brand":[],"acf":[],"_links":{"self":[{"href":"https:\/\/www.atvquadotwock.pl\/sklep\/wp-json\/wp\/v2\/product\/2262"}],"collection":[{"href":"https:\/\/www.atvquadotwock.pl\/sklep\/wp-json\/wp\/v2\/product"}],"about":[{"href":"https:\/\/www.atvquadotwock.pl\/sklep\/wp-json\/wp\/v2\/types\/product"}],"wp:featuredmedia":[{"embeddable":true,"href":"https:\/\/www.atvquadotwock.pl\/sklep\/wp-json\/wp\/v2\/media\/2263"}],"wp:attachment":[{"href":"https:\/\/www.atvquadotwock.pl\/sklep\/wp-json\/wp\/v2\/media?parent=2262"}],"wp:term":[{"taxonomy":"product_cat","embeddable":true,"href":"https:\/\/www.atvquadotwock.pl\/sklep\/wp-json\/wp\/v2\/product_cat?post=2262"},{"taxonomy":"product_tag","embeddable":true,"href":"https:\/\/www.atvquadotwock.pl\/sklep\/wp-json\/wp\/v2\/product_tag?post=2262"},{"taxonomy":"woo-feed-brand","embeddable":true,"href":"https:\/\/www.atvquadotwock.pl\/sklep\/wp-json\/wp\/v2\/woo-feed-brand?post=2262"}],"curies":[{"name":"wp","href":"https:\/\/api.w.org\/{rel}","templated":true}]}}