{"id":2211,"date":"2021-02-09T14:41:36","date_gmt":"2021-02-09T14:41:36","guid":{"rendered":"https:\/\/www.atvquadotwock.pl\/sklep\/?post_type=product&#038;p=2211"},"modified":"2026-03-06T09:02:58","modified_gmt":"2026-03-06T09:02:58","slug":"9awa-041021-0y600-blotnik-przedni-pomaranczowy","status":"publish","type":"product","link":"https:\/\/www.atvquadotwock.pl\/sklep\/produkt\/9awa-041021-0y600-blotnik-przedni-pomaranczowy\/","title":{"rendered":"B\u0141OTNIK PRZEDNI POMARA\u0143CZOWY CFMOTO 850 1000 9AWA-041021-0Y600"},"content":{"rendered":"<p>B\u0141OTNIK PRZEDNI POMARA\u0143CZOWY CFMOTO 850 1000<\/p>\n<p>9AWA-041021-0Y600<\/p>\n","protected":false},"excerpt":{"rendered":"<p>B\u0141OTNIK PRZEDNI POMARA\u0143CZOWY CFMOTO 850 1000 9AWA-041021-0Y600<\/p>\n","protected":false},"featured_media":2212,"template":"","meta":{"spay_email":""},"product_cat":[97,98,116],"product_tag":[],"woo-feed-brand":[],"acf":[],"_links":{"self":[{"href":"https:\/\/www.atvquadotwock.pl\/sklep\/wp-json\/wp\/v2\/product\/2211"}],"collection":[{"href":"https:\/\/www.atvquadotwock.pl\/sklep\/wp-json\/wp\/v2\/product"}],"about":[{"href":"https:\/\/www.atvquadotwock.pl\/sklep\/wp-json\/wp\/v2\/types\/product"}],"wp:featuredmedia":[{"embeddable":true,"href":"https:\/\/www.atvquadotwock.pl\/sklep\/wp-json\/wp\/v2\/media\/2212"}],"wp:attachment":[{"href":"https:\/\/www.atvquadotwock.pl\/sklep\/wp-json\/wp\/v2\/media?parent=2211"}],"wp:term":[{"taxonomy":"product_cat","embeddable":true,"href":"https:\/\/www.atvquadotwock.pl\/sklep\/wp-json\/wp\/v2\/product_cat?post=2211"},{"taxonomy":"product_tag","embeddable":true,"href":"https:\/\/www.atvquadotwock.pl\/sklep\/wp-json\/wp\/v2\/product_tag?post=2211"},{"taxonomy":"woo-feed-brand","embeddable":true,"href":"https:\/\/www.atvquadotwock.pl\/sklep\/wp-json\/wp\/v2\/woo-feed-brand?post=2211"}],"curies":[{"name":"wp","href":"https:\/\/api.w.org\/{rel}","templated":true}]}}