{"id":2201,"date":"2021-02-08T13:55:06","date_gmt":"2021-02-08T13:55:06","guid":{"rendered":"https:\/\/www.atvquadotwock.pl\/sklep\/?post_type=product&#038;p=2201"},"modified":"2023-01-31T12:06:00","modified_gmt":"2023-01-31T12:06:00","slug":"listwa-panel-led-12-240w-combo-homologacja-e9","status":"publish","type":"product","link":"https:\/\/www.atvquadotwock.pl\/sklep\/produkt\/listwa-panel-led-12-240w-combo-homologacja-e9\/","title":{"rendered":"Lampa listwa LED robocza AWL21 80LED COMBO 9-36V"},"content":{"rendered":"<p>1 funkcje pod\u015bwietlenia<\/p>\n<p>2 kable, Kolor kabli: Czarny i czerwony<\/p>\n<p>Napi\u0119cie: 9-36V<\/p>\n<p>Lumeny: 6400 lm<\/p>\n<p>LED kolor: bia\u0142y<\/p>\n<p>LED ilos\u0107: 80 led 3030<\/p>\n<p>Temperatura \u015bwiatla: 6000-6500K<\/p>\n<p>Rozmiar: 300&#215;74 mm<\/p>\n","protected":false},"excerpt":{"rendered":"<p>1 funkcje pod\u015bwietlenia 2 kable, Kolor kabli: Czarny i czerwony Napi\u0119cie: 9-36V Lumeny: 6400 lm LED kolor: bia\u0142y LED ilos\u0107:&hellip;<\/p>\n","protected":false},"featured_media":2203,"template":"","meta":{"spay_email":""},"product_cat":[20],"product_tag":[],"woo-feed-brand":[],"acf":[],"_links":{"self":[{"href":"https:\/\/www.atvquadotwock.pl\/sklep\/wp-json\/wp\/v2\/product\/2201"}],"collection":[{"href":"https:\/\/www.atvquadotwock.pl\/sklep\/wp-json\/wp\/v2\/product"}],"about":[{"href":"https:\/\/www.atvquadotwock.pl\/sklep\/wp-json\/wp\/v2\/types\/product"}],"wp:featuredmedia":[{"embeddable":true,"href":"https:\/\/www.atvquadotwock.pl\/sklep\/wp-json\/wp\/v2\/media\/2203"}],"wp:attachment":[{"href":"https:\/\/www.atvquadotwock.pl\/sklep\/wp-json\/wp\/v2\/media?parent=2201"}],"wp:term":[{"taxonomy":"product_cat","embeddable":true,"href":"https:\/\/www.atvquadotwock.pl\/sklep\/wp-json\/wp\/v2\/product_cat?post=2201"},{"taxonomy":"product_tag","embeddable":true,"href":"https:\/\/www.atvquadotwock.pl\/sklep\/wp-json\/wp\/v2\/product_tag?post=2201"},{"taxonomy":"woo-feed-brand","embeddable":true,"href":"https:\/\/www.atvquadotwock.pl\/sklep\/wp-json\/wp\/v2\/woo-feed-brand?post=2201"}],"curies":[{"name":"wp","href":"https:\/\/api.w.org\/{rel}","templated":true}]}}