{"id":2176,"date":"2021-02-02T13:08:37","date_gmt":"2021-02-02T13:08:37","guid":{"rendered":"https:\/\/www.atvquadotwock.pl\/sklep\/?post_type=product&#038;p=2176"},"modified":"2023-01-12T16:00:31","modified_gmt":"2023-01-12T16:00:31","slug":"9ay0-081200","status":"publish","type":"product","link":"https:\/\/www.atvquadotwock.pl\/sklep\/produkt\/9ay0-081200\/","title":{"rendered":"Klamka pompa hamulcowa 2021+ CFMOTO 450 520 625 820 850 1000"},"content":{"rendered":"<p>Najnowsza pompa hamulcowa stosowana od 2021r w quadach CFMOTO. Zwi\u0119kszony uk\u0142ad! Mo\u017cna zastosowa\u0107 do starszych modeli dzi\u0119ki temu poprawisz hamowanie w swoim quadzie! MASTER CYLINDER ASSY., RH HAND BRAKE 9AY0-081200<\/p>\n","protected":false},"excerpt":{"rendered":"<p>Najnowsza pompa hamulcowa stosowana od 2021r w quadach CFMOTO. Zwi\u0119kszony uk\u0142ad! Mo\u017cna zastosowa\u0107 do starszych modeli dzi\u0119ki temu poprawisz hamowanie&hellip;<\/p>\n","protected":false},"featured_media":2178,"template":"","meta":{"spay_email":""},"product_cat":[112,100,94,90,91,92,93,106,95,96,97,98],"product_tag":[],"woo-feed-brand":[],"acf":[],"_links":{"self":[{"href":"https:\/\/www.atvquadotwock.pl\/sklep\/wp-json\/wp\/v2\/product\/2176"}],"collection":[{"href":"https:\/\/www.atvquadotwock.pl\/sklep\/wp-json\/wp\/v2\/product"}],"about":[{"href":"https:\/\/www.atvquadotwock.pl\/sklep\/wp-json\/wp\/v2\/types\/product"}],"wp:featuredmedia":[{"embeddable":true,"href":"https:\/\/www.atvquadotwock.pl\/sklep\/wp-json\/wp\/v2\/media\/2178"}],"wp:attachment":[{"href":"https:\/\/www.atvquadotwock.pl\/sklep\/wp-json\/wp\/v2\/media?parent=2176"}],"wp:term":[{"taxonomy":"product_cat","embeddable":true,"href":"https:\/\/www.atvquadotwock.pl\/sklep\/wp-json\/wp\/v2\/product_cat?post=2176"},{"taxonomy":"product_tag","embeddable":true,"href":"https:\/\/www.atvquadotwock.pl\/sklep\/wp-json\/wp\/v2\/product_tag?post=2176"},{"taxonomy":"woo-feed-brand","embeddable":true,"href":"https:\/\/www.atvquadotwock.pl\/sklep\/wp-json\/wp\/v2\/woo-feed-brand?post=2176"}],"curies":[{"name":"wp","href":"https:\/\/api.w.org\/{rel}","templated":true}]}}