{"id":2159,"date":"2021-01-25T16:07:21","date_gmt":"2021-01-25T16:07:21","guid":{"rendered":"https:\/\/www.atvquadotwock.pl\/sklep\/?post_type=product&#038;p=2159"},"modified":"2021-08-11T09:48:58","modified_gmt":"2021-08-11T09:48:58","slug":"podnozek-prawy-lewy","status":"publish","type":"product","link":"https:\/\/www.atvquadotwock.pl\/sklep\/produkt\/podnozek-prawy-lewy\/","title":{"rendered":"Zestaw PODN\u00d3\u017bEK PR\u00d3G STOPIE\u0143 PRAWY LEWY CFMOTO 500 LONG"},"content":{"rendered":"<p>CENA ZA KOMPLET<\/p>\n","protected":false},"excerpt":{"rendered":"<p>CENA ZA KOMPLET<\/p>\n","protected":false},"featured_media":2148,"template":"","meta":{"spay_email":""},"product_cat":[112,100],"product_tag":[],"woo-feed-brand":[],"acf":[],"_links":{"self":[{"href":"https:\/\/www.atvquadotwock.pl\/sklep\/wp-json\/wp\/v2\/product\/2159"}],"collection":[{"href":"https:\/\/www.atvquadotwock.pl\/sklep\/wp-json\/wp\/v2\/product"}],"about":[{"href":"https:\/\/www.atvquadotwock.pl\/sklep\/wp-json\/wp\/v2\/types\/product"}],"wp:featuredmedia":[{"embeddable":true,"href":"https:\/\/www.atvquadotwock.pl\/sklep\/wp-json\/wp\/v2\/media\/2148"}],"wp:attachment":[{"href":"https:\/\/www.atvquadotwock.pl\/sklep\/wp-json\/wp\/v2\/media?parent=2159"}],"wp:term":[{"taxonomy":"product_cat","embeddable":true,"href":"https:\/\/www.atvquadotwock.pl\/sklep\/wp-json\/wp\/v2\/product_cat?post=2159"},{"taxonomy":"product_tag","embeddable":true,"href":"https:\/\/www.atvquadotwock.pl\/sklep\/wp-json\/wp\/v2\/product_tag?post=2159"},{"taxonomy":"woo-feed-brand","embeddable":true,"href":"https:\/\/www.atvquadotwock.pl\/sklep\/wp-json\/wp\/v2\/woo-feed-brand?post=2159"}],"curies":[{"name":"wp","href":"https:\/\/api.w.org\/{rel}","templated":true}]}}