{"id":2132,"date":"2021-01-22T13:34:19","date_gmt":"2021-01-22T13:34:19","guid":{"rendered":"https:\/\/www.atvquadotwock.pl\/sklep\/?post_type=product&#038;p=2132"},"modified":"2022-05-25T13:18:25","modified_gmt":"2022-05-25T13:18:25","slug":"cf500k-11-22-1-polos-tylna-lewa-9010-280100-50001","status":"publish","type":"product","link":"https:\/\/www.atvquadotwock.pl\/sklep\/produkt\/cf500k-11-22-1-polos-tylna-lewa-9010-280100-50001\/","title":{"rendered":"P\u00d3\u0141O\u015a TYLNA LEWA CFMOTO 500 800 CF500K-11-22-1 9010-280100-50001"},"content":{"rendered":"<p>CF500K-11-22-1 9010-280100-50001<\/p>\n","protected":false},"excerpt":{"rendered":"<p>CF500K-11-22-1 9010-280100-50001<\/p>\n","protected":false},"featured_media":2133,"template":"","meta":{"spay_email":""},"product_cat":[112,100,95,96],"product_tag":[],"woo-feed-brand":[],"acf":[],"_links":{"self":[{"href":"https:\/\/www.atvquadotwock.pl\/sklep\/wp-json\/wp\/v2\/product\/2132"}],"collection":[{"href":"https:\/\/www.atvquadotwock.pl\/sklep\/wp-json\/wp\/v2\/product"}],"about":[{"href":"https:\/\/www.atvquadotwock.pl\/sklep\/wp-json\/wp\/v2\/types\/product"}],"wp:featuredmedia":[{"embeddable":true,"href":"https:\/\/www.atvquadotwock.pl\/sklep\/wp-json\/wp\/v2\/media\/2133"}],"wp:attachment":[{"href":"https:\/\/www.atvquadotwock.pl\/sklep\/wp-json\/wp\/v2\/media?parent=2132"}],"wp:term":[{"taxonomy":"product_cat","embeddable":true,"href":"https:\/\/www.atvquadotwock.pl\/sklep\/wp-json\/wp\/v2\/product_cat?post=2132"},{"taxonomy":"product_tag","embeddable":true,"href":"https:\/\/www.atvquadotwock.pl\/sklep\/wp-json\/wp\/v2\/product_tag?post=2132"},{"taxonomy":"woo-feed-brand","embeddable":true,"href":"https:\/\/www.atvquadotwock.pl\/sklep\/wp-json\/wp\/v2\/woo-feed-brand?post=2132"}],"curies":[{"name":"wp","href":"https:\/\/api.w.org\/{rel}","templated":true}]}}