{"id":2130,"date":"2021-01-22T13:26:03","date_gmt":"2021-01-22T13:26:03","guid":{"rendered":"https:\/\/www.atvquadotwock.pl\/sklep\/?post_type=product&#038;p=2130"},"modified":"2023-02-01T11:11:39","modified_gmt":"2023-02-01T11:11:39","slug":"polos-tylna-prawa-cfmoto-500-800-9010-280200-50001-cf500k-11-20-1","status":"publish","type":"product","link":"https:\/\/www.atvquadotwock.pl\/sklep\/produkt\/polos-tylna-prawa-cfmoto-500-800-9010-280200-50001-cf500k-11-20-1\/","title":{"rendered":"P\u00d3\u0141O\u015a TYLNA PRAWA CFMOTO 500 800 9010-280200-50001 CF500K-11-20-1"},"content":{"rendered":"","protected":false},"excerpt":{"rendered":"","protected":false},"featured_media":2131,"template":"","meta":{"spay_email":""},"product_cat":[112,100,95,96],"product_tag":[],"woo-feed-brand":[],"acf":[],"_links":{"self":[{"href":"https:\/\/www.atvquadotwock.pl\/sklep\/wp-json\/wp\/v2\/product\/2130"}],"collection":[{"href":"https:\/\/www.atvquadotwock.pl\/sklep\/wp-json\/wp\/v2\/product"}],"about":[{"href":"https:\/\/www.atvquadotwock.pl\/sklep\/wp-json\/wp\/v2\/types\/product"}],"wp:featuredmedia":[{"embeddable":true,"href":"https:\/\/www.atvquadotwock.pl\/sklep\/wp-json\/wp\/v2\/media\/2131"}],"wp:attachment":[{"href":"https:\/\/www.atvquadotwock.pl\/sklep\/wp-json\/wp\/v2\/media?parent=2130"}],"wp:term":[{"taxonomy":"product_cat","embeddable":true,"href":"https:\/\/www.atvquadotwock.pl\/sklep\/wp-json\/wp\/v2\/product_cat?post=2130"},{"taxonomy":"product_tag","embeddable":true,"href":"https:\/\/www.atvquadotwock.pl\/sklep\/wp-json\/wp\/v2\/product_tag?post=2130"},{"taxonomy":"woo-feed-brand","embeddable":true,"href":"https:\/\/www.atvquadotwock.pl\/sklep\/wp-json\/wp\/v2\/woo-feed-brand?post=2130"}],"curies":[{"name":"wp","href":"https:\/\/api.w.org\/{rel}","templated":true}]}}