{"id":2126,"date":"2021-01-22T13:20:31","date_gmt":"2021-01-22T13:20:31","guid":{"rendered":"https:\/\/www.atvquadotwock.pl\/sklep\/?post_type=product&#038;p=2126"},"modified":"2021-04-21T11:17:34","modified_gmt":"2021-04-21T11:17:34","slug":"blotnik-czarny","status":"publish","type":"product","link":"https:\/\/www.atvquadotwock.pl\/sklep\/produkt\/blotnik-czarny\/","title":{"rendered":"B\u0141OTNIK CZARNY TYLNY CFMOTO 450 520 9GQ0-043021-1P600 TY\u0141"},"content":{"rendered":"<p>B\u0141OTNIK CZARNY TYLNY CFMOTO 450 520<\/p>\n<p>9GQ0-043021-1P600<\/p>\n","protected":false},"excerpt":{"rendered":"<p>B\u0141OTNIK CZARNY TYLNY CFMOTO 450 520 9GQ0-043021-1P600<\/p>\n","protected":false},"featured_media":2127,"template":"","meta":{"spay_email":""},"product_cat":[90,91,116],"product_tag":[],"woo-feed-brand":[],"acf":[],"_links":{"self":[{"href":"https:\/\/www.atvquadotwock.pl\/sklep\/wp-json\/wp\/v2\/product\/2126"}],"collection":[{"href":"https:\/\/www.atvquadotwock.pl\/sklep\/wp-json\/wp\/v2\/product"}],"about":[{"href":"https:\/\/www.atvquadotwock.pl\/sklep\/wp-json\/wp\/v2\/types\/product"}],"wp:featuredmedia":[{"embeddable":true,"href":"https:\/\/www.atvquadotwock.pl\/sklep\/wp-json\/wp\/v2\/media\/2127"}],"wp:attachment":[{"href":"https:\/\/www.atvquadotwock.pl\/sklep\/wp-json\/wp\/v2\/media?parent=2126"}],"wp:term":[{"taxonomy":"product_cat","embeddable":true,"href":"https:\/\/www.atvquadotwock.pl\/sklep\/wp-json\/wp\/v2\/product_cat?post=2126"},{"taxonomy":"product_tag","embeddable":true,"href":"https:\/\/www.atvquadotwock.pl\/sklep\/wp-json\/wp\/v2\/product_tag?post=2126"},{"taxonomy":"woo-feed-brand","embeddable":true,"href":"https:\/\/www.atvquadotwock.pl\/sklep\/wp-json\/wp\/v2\/woo-feed-brand?post=2126"}],"curies":[{"name":"wp","href":"https:\/\/api.w.org\/{rel}","templated":true}]}}