{"id":2083,"date":"2021-01-15T10:00:10","date_gmt":"2021-01-15T10:00:10","guid":{"rendered":"https:\/\/www.atvquadotwock.pl\/sklep\/?post_type=product&#038;p=2083"},"modified":"2021-01-22T15:38:43","modified_gmt":"2021-01-22T15:38:43","slug":"018b-022810-czujnik-temperatury-wentylatora-cfmoto-450-520-550-600-625-1000","status":"publish","type":"product","link":"https:\/\/www.atvquadotwock.pl\/sklep\/produkt\/018b-022810-czujnik-temperatury-wentylatora-cfmoto-450-520-550-600-625-1000\/","title":{"rendered":"018B-022810 CZUJNIK TEMPERATURY WENTYLATORA CFMOTO 450 520 550 600 625 1000"},"content":{"rendered":"<p>CZUJNIK 3 PINOWY znajduj\u0105cy si\u0119 na g\u0142owicy, odpowiada za wy\u015bwietlanie temperatury na liczniku jak i za\u0142\u0105czanie wentylatora.<\/p>\n<p>Do wi\u0119kszo\u015bci nowych cfek.<\/p>\n<p>Nie jeste\u015b pewny czy b\u0119dzie do twojego modelu?<\/p>\n<p>Zadzwo\u0144 do nas a pomo\u017cemy ci.<\/p>\n","protected":false},"excerpt":{"rendered":"<p>CZUJNIK 3 PINOWY znajduj\u0105cy si\u0119 na g\u0142owicy, odpowiada za wy\u015bwietlanie temperatury na liczniku jak i za\u0142\u0105czanie wentylatora. Do wi\u0119kszo\u015bci nowych&hellip;<\/p>\n","protected":false},"featured_media":2085,"template":"","meta":{"spay_email":""},"product_cat":[90,91,92,93,106,95,96,97,98,109,107,111,113,108,110],"product_tag":[],"woo-feed-brand":[],"acf":[],"_links":{"self":[{"href":"https:\/\/www.atvquadotwock.pl\/sklep\/wp-json\/wp\/v2\/product\/2083"}],"collection":[{"href":"https:\/\/www.atvquadotwock.pl\/sklep\/wp-json\/wp\/v2\/product"}],"about":[{"href":"https:\/\/www.atvquadotwock.pl\/sklep\/wp-json\/wp\/v2\/types\/product"}],"wp:featuredmedia":[{"embeddable":true,"href":"https:\/\/www.atvquadotwock.pl\/sklep\/wp-json\/wp\/v2\/media\/2085"}],"wp:attachment":[{"href":"https:\/\/www.atvquadotwock.pl\/sklep\/wp-json\/wp\/v2\/media?parent=2083"}],"wp:term":[{"taxonomy":"product_cat","embeddable":true,"href":"https:\/\/www.atvquadotwock.pl\/sklep\/wp-json\/wp\/v2\/product_cat?post=2083"},{"taxonomy":"product_tag","embeddable":true,"href":"https:\/\/www.atvquadotwock.pl\/sklep\/wp-json\/wp\/v2\/product_tag?post=2083"},{"taxonomy":"woo-feed-brand","embeddable":true,"href":"https:\/\/www.atvquadotwock.pl\/sklep\/wp-json\/wp\/v2\/woo-feed-brand?post=2083"}],"curies":[{"name":"wp","href":"https:\/\/api.w.org\/{rel}","templated":true}]}}