{"id":2053,"date":"2021-01-12T14:40:59","date_gmt":"2021-01-12T14:40:59","guid":{"rendered":"https:\/\/www.atvquadotwock.pl\/sklep\/?post_type=product&#038;p=2053"},"modified":"2021-01-18T16:07:26","modified_gmt":"2021-01-18T16:07:26","slug":"0800-026200-czujnik-temperatury","status":"publish","type":"product","link":"https:\/\/www.atvquadotwock.pl\/sklep\/produkt\/0800-026200-czujnik-temperatury\/","title":{"rendered":"0800-026200 CZUJNIK TEMPERATURY CFMOTO 800 820 850"},"content":{"rendered":"<p>czujnik temperatury wody na g\u0142owicy do cfmoto 800 820 850<\/p>\n<p>odpowiada za wy\u015bwietlanie na liczniku jak i w komputerze<\/p>\n<p>&nbsp;<\/p>\n<p>czujnik za\u0142\u0105czaj\u0105cy wentylator znajduje si\u0119 na innej aukcji<\/p>\n","protected":false},"excerpt":{"rendered":"<p>czujnik temperatury wody na g\u0142owicy do cfmoto 800 820 850 odpowiada za wy\u015bwietlanie na liczniku jak i w komputerze &nbsp;&hellip;<\/p>\n","protected":false},"featured_media":2054,"template":"","meta":{"spay_email":""},"product_cat":[95,96,109],"product_tag":[],"woo-feed-brand":[],"acf":[],"_links":{"self":[{"href":"https:\/\/www.atvquadotwock.pl\/sklep\/wp-json\/wp\/v2\/product\/2053"}],"collection":[{"href":"https:\/\/www.atvquadotwock.pl\/sklep\/wp-json\/wp\/v2\/product"}],"about":[{"href":"https:\/\/www.atvquadotwock.pl\/sklep\/wp-json\/wp\/v2\/types\/product"}],"wp:featuredmedia":[{"embeddable":true,"href":"https:\/\/www.atvquadotwock.pl\/sklep\/wp-json\/wp\/v2\/media\/2054"}],"wp:attachment":[{"href":"https:\/\/www.atvquadotwock.pl\/sklep\/wp-json\/wp\/v2\/media?parent=2053"}],"wp:term":[{"taxonomy":"product_cat","embeddable":true,"href":"https:\/\/www.atvquadotwock.pl\/sklep\/wp-json\/wp\/v2\/product_cat?post=2053"},{"taxonomy":"product_tag","embeddable":true,"href":"https:\/\/www.atvquadotwock.pl\/sklep\/wp-json\/wp\/v2\/product_tag?post=2053"},{"taxonomy":"woo-feed-brand","embeddable":true,"href":"https:\/\/www.atvquadotwock.pl\/sklep\/wp-json\/wp\/v2\/woo-feed-brand?post=2053"}],"curies":[{"name":"wp","href":"https:\/\/api.w.org\/{rel}","templated":true}]}}