{"id":2050,"date":"2021-01-12T13:53:55","date_gmt":"2021-01-12T13:53:55","guid":{"rendered":"https:\/\/www.atvquadotwock.pl\/sklep\/?post_type=product&#038;p=2050"},"modified":"2026-01-21T12:19:26","modified_gmt":"2026-01-21T12:19:26","slug":"gniazdo-usb-utv-wyswietlacz-w-kolorze-bialym","status":"publish","type":"product","link":"https:\/\/www.atvquadotwock.pl\/sklep\/produkt\/gniazdo-usb-utv-wyswietlacz-w-kolorze-bialym\/","title":{"rendered":"Gniazdo USB UTV wy\u015bwietlacz 1 SZT."},"content":{"rendered":"<p>DOST\u0118PNE KOLORY:<\/p>\n<p>BIA\u0141Y, CZERWONY, ZIELONY, NIEBIESKI &#8211; PROSZ\u0118 PODA\u0106 W UWAGACH DO ZAM\u00d3WIENIA<\/p>\n<p>Gniazdo USB z wy\u015bwietlaczem \u0142adowania wodoszczelne<\/p>\n<p>materia\u0142 : tw.szt<br \/>\nzasilanie: 12-24V<br \/>\nnapi\u0119cie wyj\u015bciowe:\u00a05V- 1A\/2.1A<\/p>\n<p>do monta\u017cu zamiast gniazda zapalniczki<\/p>\n","protected":false},"excerpt":{"rendered":"<p>DOST\u0118PNE KOLORY: BIA\u0141Y, CZERWONY, ZIELONY, NIEBIESKI &#8211; PROSZ\u0118 PODA\u0106 W UWAGACH DO ZAM\u00d3WIENIA Gniazdo USB z wy\u015bwietlaczem \u0142adowania wodoszczelne materia\u0142&hellip;<\/p>\n","protected":false},"featured_media":2051,"template":"","meta":{"spay_email":""},"product_cat":[17,20],"product_tag":[],"woo-feed-brand":[],"acf":[],"_links":{"self":[{"href":"https:\/\/www.atvquadotwock.pl\/sklep\/wp-json\/wp\/v2\/product\/2050"}],"collection":[{"href":"https:\/\/www.atvquadotwock.pl\/sklep\/wp-json\/wp\/v2\/product"}],"about":[{"href":"https:\/\/www.atvquadotwock.pl\/sklep\/wp-json\/wp\/v2\/types\/product"}],"wp:featuredmedia":[{"embeddable":true,"href":"https:\/\/www.atvquadotwock.pl\/sklep\/wp-json\/wp\/v2\/media\/2051"}],"wp:attachment":[{"href":"https:\/\/www.atvquadotwock.pl\/sklep\/wp-json\/wp\/v2\/media?parent=2050"}],"wp:term":[{"taxonomy":"product_cat","embeddable":true,"href":"https:\/\/www.atvquadotwock.pl\/sklep\/wp-json\/wp\/v2\/product_cat?post=2050"},{"taxonomy":"product_tag","embeddable":true,"href":"https:\/\/www.atvquadotwock.pl\/sklep\/wp-json\/wp\/v2\/product_tag?post=2050"},{"taxonomy":"woo-feed-brand","embeddable":true,"href":"https:\/\/www.atvquadotwock.pl\/sklep\/wp-json\/wp\/v2\/woo-feed-brand?post=2050"}],"curies":[{"name":"wp","href":"https:\/\/api.w.org\/{rel}","templated":true}]}}