{"id":2040,"date":"2021-01-11T14:32:08","date_gmt":"2021-01-11T14:32:08","guid":{"rendered":"https:\/\/www.atvquadotwock.pl\/sklep\/?post_type=product&#038;p=2040"},"modified":"2022-09-12T10:20:07","modified_gmt":"2022-09-12T10:20:07","slug":"pasek-napedowy-wzmacniany-optibelt-11122-cfmoto-800-820-850-0800-055000","status":"publish","type":"product","link":"https:\/\/www.atvquadotwock.pl\/sklep\/produkt\/pasek-napedowy-wzmacniany-optibelt-11122-cfmoto-800-820-850-0800-055000\/","title":{"rendered":"Pasek nap\u0119dowy wzmacniany optibelt 11122 CFMOTO 800 820 850 (0800-055000)"},"content":{"rendered":"<div class=\"o9v6fnle cxmmr5t8 oygrvhab hcukyx3x c1et5uql ii04i59q\">\n<div dir=\"auto\">Pasuje do CFMOTO 800 820 850.<\/div>\n<div dir=\"auto\">OPIS OD IMPORTERA:<\/div>\n<\/div>\n<div class=\"o9v6fnle cxmmr5t8 oygrvhab hcukyx3x c1et5uql ii04i59q\">\n<div dir=\"auto\">Optibelt to jeden z wiod\u0105cych producent\u00f3w wszelkiego rodzaju pas\u00f3w napedowych<\/div>\n<\/div>\n<div class=\"o9v6fnle cxmmr5t8 oygrvhab hcukyx3x c1et5uql ii04i59q\">\n<div dir=\"auto\">Pas Optibelt VPD zosta\u0142 zaprojektowany z my\u015bl\u0105 o zwi\u0119kszeniu \u017cywotno\u015bci oryginalnych pas\u00f3w nap\u0119dowych w skuterach \u015bnie\u017cnych, quadach i pojazdach UTV.<\/div>\n<\/div>\n<div class=\"o9v6fnle cxmmr5t8 oygrvhab hcukyx3x c1et5uql ii04i59q\">\n<div dir=\"auto\">G\u0142\u00f3wne zalety pas\u00f3w VARIO POWER VPD OPTIBELT:<\/div>\n<\/div>\n<div class=\"o9v6fnle cxmmr5t8 oygrvhab hcukyx3x c1et5uql ii04i59q\">\n<div dir=\"auto\">&#8211; Zdolno\u015b\u0107 przenoszenia momentu obrotowego w pojazdach o najwi\u0119kszej mocy .<\/div>\n<div dir=\"auto\">&#8211; Niezwykle d\u0142uga \u017cywotno\u015b\u0107,<\/div>\n<div dir=\"auto\">&#8211; Wyj\u0105tkowa elastyczno\u015b\u0107 i spr\u0119\u017cysto\u015b\u0107,<\/div>\n<div dir=\"auto\">&#8211; Wysoka odporno\u015b\u0107 na zu\u017cycie i wysok\u0105 temperatur\u0119.<\/div>\n<div dir=\"auto\">&#8211; Unikalna i innowacyjna mieszanka gumy EPDM,<\/div>\n<div dir=\"auto\">&#8211; Temperatura pracy od -50 \u00b0 C do + 120 \u00b0 C.<\/div>\n<\/div>\n<div class=\"o9v6fnle cxmmr5t8 oygrvhab hcukyx3x c1et5uql ii04i59q\">\n<div dir=\"auto\">Wszystkie pasy wyprodukowano w Niemczech Optibelt GmbH \/ Niemcy.<\/div>\n<\/div>\n","protected":false},"excerpt":{"rendered":"<p>Pasuje do CFMOTO 800 820 850. OPIS OD IMPORTERA: Optibelt to jeden z wiod\u0105cych producent\u00f3w wszelkiego rodzaju pas\u00f3w napedowych Pas&hellip;<\/p>\n","protected":false},"featured_media":2041,"template":"","meta":{"spay_email":""},"product_cat":[95,96,97,109,113],"product_tag":[],"woo-feed-brand":[],"acf":[],"_links":{"self":[{"href":"https:\/\/www.atvquadotwock.pl\/sklep\/wp-json\/wp\/v2\/product\/2040"}],"collection":[{"href":"https:\/\/www.atvquadotwock.pl\/sklep\/wp-json\/wp\/v2\/product"}],"about":[{"href":"https:\/\/www.atvquadotwock.pl\/sklep\/wp-json\/wp\/v2\/types\/product"}],"wp:featuredmedia":[{"embeddable":true,"href":"https:\/\/www.atvquadotwock.pl\/sklep\/wp-json\/wp\/v2\/media\/2041"}],"wp:attachment":[{"href":"https:\/\/www.atvquadotwock.pl\/sklep\/wp-json\/wp\/v2\/media?parent=2040"}],"wp:term":[{"taxonomy":"product_cat","embeddable":true,"href":"https:\/\/www.atvquadotwock.pl\/sklep\/wp-json\/wp\/v2\/product_cat?post=2040"},{"taxonomy":"product_tag","embeddable":true,"href":"https:\/\/www.atvquadotwock.pl\/sklep\/wp-json\/wp\/v2\/product_tag?post=2040"},{"taxonomy":"woo-feed-brand","embeddable":true,"href":"https:\/\/www.atvquadotwock.pl\/sklep\/wp-json\/wp\/v2\/woo-feed-brand?post=2040"}],"curies":[{"name":"wp","href":"https:\/\/api.w.org\/{rel}","templated":true}]}}