{"id":2003,"date":"2020-12-30T14:54:38","date_gmt":"2020-12-30T14:54:38","guid":{"rendered":"https:\/\/www.atvquadotwock.pl\/sklep\/?post_type=product&#038;p=2003"},"modified":"2024-05-22T14:33:17","modified_gmt":"2024-05-22T14:33:17","slug":"lampa-pozycyjna-led-cfmoto-625-2020-9ds-160230-6001","status":"publish","type":"product","link":"https:\/\/www.atvquadotwock.pl\/sklep\/produkt\/lampa-pozycyjna-led-cfmoto-625-2020-9ds-160230-6001\/","title":{"rendered":"LAMPA POZYCYJNA \u015aRODKOWA BLENDA LED CFMOTO 450 520 (2023+) 625 (2020+)"},"content":{"rendered":"<p>Lampa POZYCYJNA BLENDA do 450 520 (2023+) 625 (2020+)<\/p>\n<p>do wersji kt\u00f3re nie posiadaj\u0105 takiej lampy, wystarczy wpi\u0105\u0107 w wolne gniazdo instalacji z ty\u0142u quada.<\/p>\n<p>9DS#-160230-6001<\/p>\n<p>9DSV-160230-6002<\/p>\n<p>POSITION LIGHT<\/p>\n<p>INSTRUKCJA DOPOSA\u017bENIA:<br \/>\n<a href=\"https:\/\/www.atvquadotwock.pl\/sklep\/wp-content\/uploads\/2020\/12\/20201230_132421-scaled.jpg\"><img loading=\"lazy\" class=\"alignnone size-medium wp-image-2011\" src=\"https:\/\/www.atvquadotwock.pl\/sklep\/wp-content\/uploads\/2020\/12\/20201230_132421-300x225.jpg\" alt=\"\" width=\"300\" height=\"225\" srcset=\"https:\/\/www.atvquadotwock.pl\/sklep\/wp-content\/uploads\/2020\/12\/20201230_132421-300x225.jpg 300w, https:\/\/www.atvquadotwock.pl\/sklep\/wp-content\/uploads\/2020\/12\/20201230_132421-scaled-600x450.jpg 600w, https:\/\/www.atvquadotwock.pl\/sklep\/wp-content\/uploads\/2020\/12\/20201230_132421-1024x768.jpg 1024w, https:\/\/www.atvquadotwock.pl\/sklep\/wp-content\/uploads\/2020\/12\/20201230_132421-768x576.jpg 768w, https:\/\/www.atvquadotwock.pl\/sklep\/wp-content\/uploads\/2020\/12\/20201230_132421-1536x1152.jpg 1536w, https:\/\/www.atvquadotwock.pl\/sklep\/wp-content\/uploads\/2020\/12\/20201230_132421-2048x1536.jpg 2048w\" sizes=\"(max-width: 300px) 100vw, 300px\" \/><\/a><\/p>\n<p><a href=\"https:\/\/www.atvquadotwock.pl\/sklep\/wp-content\/uploads\/2020\/12\/20201230_132458-scaled.jpg\"><img loading=\"lazy\" class=\"alignnone size-medium wp-image-2012\" src=\"https:\/\/www.atvquadotwock.pl\/sklep\/wp-content\/uploads\/2020\/12\/20201230_132458-300x225.jpg\" alt=\"\" width=\"300\" height=\"225\" srcset=\"https:\/\/www.atvquadotwock.pl\/sklep\/wp-content\/uploads\/2020\/12\/20201230_132458-300x225.jpg 300w, https:\/\/www.atvquadotwock.pl\/sklep\/wp-content\/uploads\/2020\/12\/20201230_132458-scaled-600x450.jpg 600w, https:\/\/www.atvquadotwock.pl\/sklep\/wp-content\/uploads\/2020\/12\/20201230_132458-1024x768.jpg 1024w, https:\/\/www.atvquadotwock.pl\/sklep\/wp-content\/uploads\/2020\/12\/20201230_132458-768x576.jpg 768w, https:\/\/www.atvquadotwock.pl\/sklep\/wp-content\/uploads\/2020\/12\/20201230_132458-1536x1152.jpg 1536w, https:\/\/www.atvquadotwock.pl\/sklep\/wp-content\/uploads\/2020\/12\/20201230_132458-2048x1536.jpg 2048w\" sizes=\"(max-width: 300px) 100vw, 300px\" \/><\/a><\/p>\n<p><a href=\"https:\/\/www.atvquadotwock.pl\/sklep\/wp-content\/uploads\/2020\/12\/20201230_132559-scaled.jpg\"><img loading=\"lazy\" class=\"alignnone size-medium wp-image-2015\" src=\"https:\/\/www.atvquadotwock.pl\/sklep\/wp-content\/uploads\/2020\/12\/20201230_132559-300x225.jpg\" alt=\"\" width=\"300\" height=\"225\" srcset=\"https:\/\/www.atvquadotwock.pl\/sklep\/wp-content\/uploads\/2020\/12\/20201230_132559-300x225.jpg 300w, https:\/\/www.atvquadotwock.pl\/sklep\/wp-content\/uploads\/2020\/12\/20201230_132559-scaled-600x450.jpg 600w, https:\/\/www.atvquadotwock.pl\/sklep\/wp-content\/uploads\/2020\/12\/20201230_132559-1024x768.jpg 1024w, https:\/\/www.atvquadotwock.pl\/sklep\/wp-content\/uploads\/2020\/12\/20201230_132559-768x576.jpg 768w, https:\/\/www.atvquadotwock.pl\/sklep\/wp-content\/uploads\/2020\/12\/20201230_132559-1536x1152.jpg 1536w, https:\/\/www.atvquadotwock.pl\/sklep\/wp-content\/uploads\/2020\/12\/20201230_132559-2048x1536.jpg 2048w\" sizes=\"(max-width: 300px) 100vw, 300px\" \/><\/a><\/p>\n<p><a href=\"https:\/\/www.atvquadotwock.pl\/sklep\/wp-content\/uploads\/2020\/12\/20201230_132535-scaled.jpg\"><img loading=\"lazy\" class=\"alignnone size-medium wp-image-2014\" src=\"https:\/\/www.atvquadotwock.pl\/sklep\/wp-content\/uploads\/2020\/12\/20201230_132535-300x225.jpg\" alt=\"\" width=\"300\" height=\"225\" srcset=\"https:\/\/www.atvquadotwock.pl\/sklep\/wp-content\/uploads\/2020\/12\/20201230_132535-300x225.jpg 300w, https:\/\/www.atvquadotwock.pl\/sklep\/wp-content\/uploads\/2020\/12\/20201230_132535-scaled-600x450.jpg 600w, https:\/\/www.atvquadotwock.pl\/sklep\/wp-content\/uploads\/2020\/12\/20201230_132535-1024x768.jpg 1024w, https:\/\/www.atvquadotwock.pl\/sklep\/wp-content\/uploads\/2020\/12\/20201230_132535-768x576.jpg 768w, https:\/\/www.atvquadotwock.pl\/sklep\/wp-content\/uploads\/2020\/12\/20201230_132535-1536x1152.jpg 1536w, https:\/\/www.atvquadotwock.pl\/sklep\/wp-content\/uploads\/2020\/12\/20201230_132535-2048x1536.jpg 2048w\" sizes=\"(max-width: 300px) 100vw, 300px\" \/><\/a><\/p>\n<p><a href=\"https:\/\/www.atvquadotwock.pl\/sklep\/wp-content\/uploads\/2020\/12\/20201230_132520-scaled.jpg\"><img loading=\"lazy\" class=\"alignnone size-medium wp-image-2013\" src=\"https:\/\/www.atvquadotwock.pl\/sklep\/wp-content\/uploads\/2020\/12\/20201230_132520-300x225.jpg\" alt=\"\" width=\"300\" height=\"225\" srcset=\"https:\/\/www.atvquadotwock.pl\/sklep\/wp-content\/uploads\/2020\/12\/20201230_132520-300x225.jpg 300w, https:\/\/www.atvquadotwock.pl\/sklep\/wp-content\/uploads\/2020\/12\/20201230_132520-scaled-600x450.jpg 600w, https:\/\/www.atvquadotwock.pl\/sklep\/wp-content\/uploads\/2020\/12\/20201230_132520-1024x768.jpg 1024w, https:\/\/www.atvquadotwock.pl\/sklep\/wp-content\/uploads\/2020\/12\/20201230_132520-768x576.jpg 768w, https:\/\/www.atvquadotwock.pl\/sklep\/wp-content\/uploads\/2020\/12\/20201230_132520-1536x1152.jpg 1536w, https:\/\/www.atvquadotwock.pl\/sklep\/wp-content\/uploads\/2020\/12\/20201230_132520-2048x1536.jpg 2048w\" sizes=\"(max-width: 300px) 100vw, 300px\" \/><\/a><\/p>\n<p><a href=\"https:\/\/www.atvquadotwock.pl\/sklep\/wp-content\/uploads\/2020\/12\/20201230_132409-scaled.jpg\"><img loading=\"lazy\" class=\"alignnone size-medium wp-image-2010\" src=\"https:\/\/www.atvquadotwock.pl\/sklep\/wp-content\/uploads\/2020\/12\/20201230_132409-300x225.jpg\" alt=\"\" width=\"300\" height=\"225\" srcset=\"https:\/\/www.atvquadotwock.pl\/sklep\/wp-content\/uploads\/2020\/12\/20201230_132409-300x225.jpg 300w, https:\/\/www.atvquadotwock.pl\/sklep\/wp-content\/uploads\/2020\/12\/20201230_132409-scaled-600x450.jpg 600w, https:\/\/www.atvquadotwock.pl\/sklep\/wp-content\/uploads\/2020\/12\/20201230_132409-1024x768.jpg 1024w, https:\/\/www.atvquadotwock.pl\/sklep\/wp-content\/uploads\/2020\/12\/20201230_132409-768x576.jpg 768w, https:\/\/www.atvquadotwock.pl\/sklep\/wp-content\/uploads\/2020\/12\/20201230_132409-1536x1152.jpg 1536w, https:\/\/www.atvquadotwock.pl\/sklep\/wp-content\/uploads\/2020\/12\/20201230_132409-2048x1536.jpg 2048w\" sizes=\"(max-width: 300px) 100vw, 300px\" \/><\/a><\/p>\n","protected":false},"excerpt":{"rendered":"<p>Lampa POZYCYJNA BLENDA do 450 520 (2023+) 625 (2020+) do wersji kt\u00f3re nie posiadaj\u0105 takiej lampy, wystarczy wpi\u0105\u0107 w wolne&hellip;<\/p>\n","protected":false},"featured_media":1946,"template":"","meta":{"spay_email":""},"product_cat":[123,106],"product_tag":[],"woo-feed-brand":[],"acf":[],"_links":{"self":[{"href":"https:\/\/www.atvquadotwock.pl\/sklep\/wp-json\/wp\/v2\/product\/2003"}],"collection":[{"href":"https:\/\/www.atvquadotwock.pl\/sklep\/wp-json\/wp\/v2\/product"}],"about":[{"href":"https:\/\/www.atvquadotwock.pl\/sklep\/wp-json\/wp\/v2\/types\/product"}],"wp:featuredmedia":[{"embeddable":true,"href":"https:\/\/www.atvquadotwock.pl\/sklep\/wp-json\/wp\/v2\/media\/1946"}],"wp:attachment":[{"href":"https:\/\/www.atvquadotwock.pl\/sklep\/wp-json\/wp\/v2\/media?parent=2003"}],"wp:term":[{"taxonomy":"product_cat","embeddable":true,"href":"https:\/\/www.atvquadotwock.pl\/sklep\/wp-json\/wp\/v2\/product_cat?post=2003"},{"taxonomy":"product_tag","embeddable":true,"href":"https:\/\/www.atvquadotwock.pl\/sklep\/wp-json\/wp\/v2\/product_tag?post=2003"},{"taxonomy":"woo-feed-brand","embeddable":true,"href":"https:\/\/www.atvquadotwock.pl\/sklep\/wp-json\/wp\/v2\/woo-feed-brand?post=2003"}],"curies":[{"name":"wp","href":"https:\/\/api.w.org\/{rel}","templated":true}]}}