{"id":1921,"date":"2020-12-18T18:32:04","date_gmt":"2020-12-18T18:32:04","guid":{"rendered":"https:\/\/www.atvquadotwock.pl\/sklep\/?post_type=product&#038;p=1921"},"modified":"2024-03-04T14:26:21","modified_gmt":"2024-03-04T14:26:21","slug":"1921","status":"publish","type":"product","link":"https:\/\/www.atvquadotwock.pl\/sklep\/produkt\/1921\/","title":{"rendered":"Zderzak przedni bumper cfmoto 450 520 RIVAL"},"content":{"rendered":"<p>zastosowanie: cfmoto cforce 400 450 500 520 2016-2020<\/p>\n<p>Zalety zderzak\u00f3w Rival<br \/>\nwykonane z rur stalowych \u00f832, 38, 42 x 1,5 mm malowanych proszkowo<br \/>\nWytrzyma\u0142a konstrukcja przykr\u0119cana, nie wymaga wiercenia !!!<br \/>\nWiele punkt\u00f3w mocowania dla zwi\u0119kszenia wytrzyma\u0142o\u015bci<br \/>\nZintegrowane miejsca monta\u017cowe do mocowania dodatkowych lamp<br \/>\nOchrona reflektor\u00f3w pojazdu<br \/>\nwytrzyma\u0142a konstrukcja dostosowane indywidualnie do ka\u017cdego modelu<br \/>\nZaprojektowany do zastosowa\u0144 w rolnictwie, le\u015bnictwie lub wy\u015bcigach<\/p>\n","protected":false},"excerpt":{"rendered":"<p>zastosowanie: cfmoto cforce 400 450 500 520 2016-2020 Zalety zderzak\u00f3w Rival wykonane z rur stalowych \u00f832, 38, 42 x 1,5&hellip;<\/p>\n","protected":false},"featured_media":1922,"template":"","meta":{"spay_email":""},"product_cat":[90,91,41],"product_tag":[],"woo-feed-brand":[],"acf":[],"_links":{"self":[{"href":"https:\/\/www.atvquadotwock.pl\/sklep\/wp-json\/wp\/v2\/product\/1921"}],"collection":[{"href":"https:\/\/www.atvquadotwock.pl\/sklep\/wp-json\/wp\/v2\/product"}],"about":[{"href":"https:\/\/www.atvquadotwock.pl\/sklep\/wp-json\/wp\/v2\/types\/product"}],"wp:featuredmedia":[{"embeddable":true,"href":"https:\/\/www.atvquadotwock.pl\/sklep\/wp-json\/wp\/v2\/media\/1922"}],"wp:attachment":[{"href":"https:\/\/www.atvquadotwock.pl\/sklep\/wp-json\/wp\/v2\/media?parent=1921"}],"wp:term":[{"taxonomy":"product_cat","embeddable":true,"href":"https:\/\/www.atvquadotwock.pl\/sklep\/wp-json\/wp\/v2\/product_cat?post=1921"},{"taxonomy":"product_tag","embeddable":true,"href":"https:\/\/www.atvquadotwock.pl\/sklep\/wp-json\/wp\/v2\/product_tag?post=1921"},{"taxonomy":"woo-feed-brand","embeddable":true,"href":"https:\/\/www.atvquadotwock.pl\/sklep\/wp-json\/wp\/v2\/woo-feed-brand?post=1921"}],"curies":[{"name":"wp","href":"https:\/\/api.w.org\/{rel}","templated":true}]}}