{"id":1912,"date":"2020-12-18T18:18:41","date_gmt":"2020-12-18T18:18:41","guid":{"rendered":"https:\/\/www.atvquadotwock.pl\/sklep\/?post_type=product&#038;p=1912"},"modified":"2022-03-30T14:13:36","modified_gmt":"2022-03-30T14:13:36","slug":"oslony-spodu-podwozia-z-uhmv-cfmoto-625-2020","status":"publish","type":"product","link":"https:\/\/www.atvquadotwock.pl\/sklep\/produkt\/oslony-spodu-podwozia-z-uhmv-cfmoto-625-2020\/","title":{"rendered":"Os\u0142ony spodu podwozia z UHMV CFMOTO 625 (2020+"},"content":{"rendered":"<p>&#8211; Wykonane z materia\u0142u o wysokiej wytrzyma\u0142o\u015bci<br \/>\n&#8211; L\u017cejsze ni\u017c aluminium<br \/>\n&#8211; Doskona\u0142e do \u015blizgania si\u0119 po ska\u0142ach i kamieniach<br \/>\n&#8211; Ci\u0119te laserowo, aby zapewni\u0107 dok\u0142adne dopasowanie<br \/>\n&#8211; Wykorzystuje fabryczne punkty monta\u017cowe<br \/>\n&#8211; Dodatkowa os\u0142ona podstopni<br \/>\n&#8211; Posiadaj\u0105 otwory spustowe i konserwacyjne<br \/>\n&#8211; Innowacyjny spos\u00f3b monta\u017cu (\u015aruby monta\u017cowe nie wystaj\u0105).<\/p>\n","protected":false},"excerpt":{"rendered":"<p>&#8211; Wykonane z materia\u0142u o wysokiej wytrzyma\u0142o\u015bci &#8211; L\u017cejsze ni\u017c aluminium &#8211; Doskona\u0142e do \u015blizgania si\u0119 po ska\u0142ach i kamieniach&hellip;<\/p>\n","protected":false},"featured_media":1911,"template":"","meta":{"spay_email":""},"product_cat":[106,89],"product_tag":[],"woo-feed-brand":[],"acf":[],"_links":{"self":[{"href":"https:\/\/www.atvquadotwock.pl\/sklep\/wp-json\/wp\/v2\/product\/1912"}],"collection":[{"href":"https:\/\/www.atvquadotwock.pl\/sklep\/wp-json\/wp\/v2\/product"}],"about":[{"href":"https:\/\/www.atvquadotwock.pl\/sklep\/wp-json\/wp\/v2\/types\/product"}],"wp:featuredmedia":[{"embeddable":true,"href":"https:\/\/www.atvquadotwock.pl\/sklep\/wp-json\/wp\/v2\/media\/1911"}],"wp:attachment":[{"href":"https:\/\/www.atvquadotwock.pl\/sklep\/wp-json\/wp\/v2\/media?parent=1912"}],"wp:term":[{"taxonomy":"product_cat","embeddable":true,"href":"https:\/\/www.atvquadotwock.pl\/sklep\/wp-json\/wp\/v2\/product_cat?post=1912"},{"taxonomy":"product_tag","embeddable":true,"href":"https:\/\/www.atvquadotwock.pl\/sklep\/wp-json\/wp\/v2\/product_tag?post=1912"},{"taxonomy":"woo-feed-brand","embeddable":true,"href":"https:\/\/www.atvquadotwock.pl\/sklep\/wp-json\/wp\/v2\/woo-feed-brand?post=1912"}],"curies":[{"name":"wp","href":"https:\/\/api.w.org\/{rel}","templated":true}]}}