{"id":1906,"date":"2020-12-18T18:09:59","date_gmt":"2020-12-18T18:09:59","guid":{"rendered":"https:\/\/www.atvquadotwock.pl\/sklep\/?post_type=product&#038;p=1906"},"modified":"2024-04-11T12:30:28","modified_gmt":"2024-04-11T12:30:28","slug":"dolny-waz-wodny-cfmoto-800-820-przewod-chlodnicy","status":"publish","type":"product","link":"https:\/\/www.atvquadotwock.pl\/sklep\/produkt\/dolny-waz-wodny-cfmoto-800-820-przewod-chlodnicy\/","title":{"rendered":"Dolny w\u0105\u017c wodny CFMOTO 800 820 przew\u00f3d ch\u0142odnicy"},"content":{"rendered":"<p>21. NA DIAGRAMIE (DRUGIE ZDJ\u0118CIE)<\/p>\n<p>WATER OUTLET HOSE,RADIATOR<br \/>\n7020-180104<\/p>\n","protected":false},"excerpt":{"rendered":"<p>21. NA DIAGRAMIE (DRUGIE ZDJ\u0118CIE) WATER OUTLET HOSE,RADIATOR 7020-180104<\/p>\n","protected":false},"featured_media":1908,"template":"","meta":{"spay_email":""},"product_cat":[95,96],"product_tag":[],"woo-feed-brand":[],"acf":[],"_links":{"self":[{"href":"https:\/\/www.atvquadotwock.pl\/sklep\/wp-json\/wp\/v2\/product\/1906"}],"collection":[{"href":"https:\/\/www.atvquadotwock.pl\/sklep\/wp-json\/wp\/v2\/product"}],"about":[{"href":"https:\/\/www.atvquadotwock.pl\/sklep\/wp-json\/wp\/v2\/types\/product"}],"wp:featuredmedia":[{"embeddable":true,"href":"https:\/\/www.atvquadotwock.pl\/sklep\/wp-json\/wp\/v2\/media\/1908"}],"wp:attachment":[{"href":"https:\/\/www.atvquadotwock.pl\/sklep\/wp-json\/wp\/v2\/media?parent=1906"}],"wp:term":[{"taxonomy":"product_cat","embeddable":true,"href":"https:\/\/www.atvquadotwock.pl\/sklep\/wp-json\/wp\/v2\/product_cat?post=1906"},{"taxonomy":"product_tag","embeddable":true,"href":"https:\/\/www.atvquadotwock.pl\/sklep\/wp-json\/wp\/v2\/product_tag?post=1906"},{"taxonomy":"woo-feed-brand","embeddable":true,"href":"https:\/\/www.atvquadotwock.pl\/sklep\/wp-json\/wp\/v2\/woo-feed-brand?post=1906"}],"curies":[{"name":"wp","href":"https:\/\/api.w.org\/{rel}","templated":true}]}}