{"id":1902,"date":"2020-12-18T18:05:17","date_gmt":"2020-12-18T18:05:17","guid":{"rendered":"https:\/\/www.atvquadotwock.pl\/sklep\/?post_type=product&#038;p=1902"},"modified":"2020-12-18T18:05:18","modified_gmt":"2020-12-18T18:05:18","slug":"korek-wlewu-paliwa-cfmoto-500-625-x5-x6-x7","status":"publish","type":"product","link":"https:\/\/www.atvquadotwock.pl\/sklep\/produkt\/korek-wlewu-paliwa-cfmoto-500-625-x5-x6-x7\/","title":{"rendered":"Korek wlewu paliwa CFMOTO 500 625 X5 X6 X7"},"content":{"rendered":"<p>Korek paliwa do CFMOTO 500 625 X5 X6 X7<\/p>\n<p>CAP, FUEL TANK\t9010-120200<\/p>\n<p>Przed zakupem zapytaj nas o dost\u0119pno\u015b\u0107.<br \/>\nSzukasz innych cz\u0119\u015bci do CFMOTO?<br \/>\nNapisz lub zadzwo\u0144. Tw\u00f3j autoryzowany dealer CFMOTO.<\/p>\n<p>Sklep ATV-QUAD<br \/>\n05-400 Otwock ul. \u0141ugi 82<br \/>\nCzynny<br \/>\nod Poniedzia\u0142ku do Pi\u0105tku<br \/>\n10:00 \u2013 18:00<br \/>\ntel. 791 477 830<\/p>\n<p>Wysy\u0142ka kurierem, paczkomat lub odbi\u00f3r osobisty.<\/p>\n<p>facebook.com\/quadyotwock<br \/>\nznajd\u017a nas na FACEBOOKU i zostaw recenzj\u0119 a otrzymasz 10% rabatu na zam\u00f3wienie!<\/p>\n<p>instagram.com\/atvquadotwock obserwuj nas na instagramie a dowiesz si\u0119 o nowo\u015bciach,<br \/>\ntuningowaniu quad\u00f3w jak i relacji z przegl\u0105d\u00f3w.<\/p>\n","protected":false},"excerpt":{"rendered":"<p>Korek paliwa do CFMOTO 500 625 X5 X6 X7 CAP, FUEL TANK 9010-120200 Przed zakupem zapytaj nas o dost\u0119pno\u015b\u0107. Szukasz&hellip;<\/p>\n","protected":false},"featured_media":1903,"template":"","meta":{"spay_email":""},"product_cat":[112,100,94],"product_tag":[],"woo-feed-brand":[],"acf":[],"_links":{"self":[{"href":"https:\/\/www.atvquadotwock.pl\/sklep\/wp-json\/wp\/v2\/product\/1902"}],"collection":[{"href":"https:\/\/www.atvquadotwock.pl\/sklep\/wp-json\/wp\/v2\/product"}],"about":[{"href":"https:\/\/www.atvquadotwock.pl\/sklep\/wp-json\/wp\/v2\/types\/product"}],"wp:featuredmedia":[{"embeddable":true,"href":"https:\/\/www.atvquadotwock.pl\/sklep\/wp-json\/wp\/v2\/media\/1903"}],"wp:attachment":[{"href":"https:\/\/www.atvquadotwock.pl\/sklep\/wp-json\/wp\/v2\/media?parent=1902"}],"wp:term":[{"taxonomy":"product_cat","embeddable":true,"href":"https:\/\/www.atvquadotwock.pl\/sklep\/wp-json\/wp\/v2\/product_cat?post=1902"},{"taxonomy":"product_tag","embeddable":true,"href":"https:\/\/www.atvquadotwock.pl\/sklep\/wp-json\/wp\/v2\/product_tag?post=1902"},{"taxonomy":"woo-feed-brand","embeddable":true,"href":"https:\/\/www.atvquadotwock.pl\/sklep\/wp-json\/wp\/v2\/woo-feed-brand?post=1902"}],"curies":[{"name":"wp","href":"https:\/\/api.w.org\/{rel}","templated":true}]}}