{"id":1835,"date":"2020-12-14T15:44:26","date_gmt":"2020-12-14T15:44:26","guid":{"rendered":"https:\/\/www.atvquadotwock.pl\/sklep\/?post_type=product&#038;p=1835"},"modified":"2021-10-07T09:22:09","modified_gmt":"2021-10-07T09:22:09","slug":"wyciagarka-dragon-winch-highlander-4500-dwh4500hd","status":"publish","type":"product","link":"https:\/\/www.atvquadotwock.pl\/sklep\/produkt\/wyciagarka-dragon-winch-highlander-4500-dwh4500hd\/","title":{"rendered":"Wyci\u0105garka DRAGON WINCH Highlander 4500 DWH4500HD"},"content":{"rendered":"<p>Wyci\u0105garki DRAGON WINCH seria Highlander\u00a0zaprojektowane zosta\u0142y z my\u015bl\u0105 o pojazdach terenowych oraz ci\u0119\u017ckich warunkach w jakich pracuj\u0105. Zastosowany w nich zosta\u0142 nowy, mocniejszy silnik, wytrzymalsza przek\u0142adnia oraz dynamiczny hamulec. Gwarantuj\u0105 najwy\u017cszy poziom niezawodno\u015bci i bezpiecze\u0144stwa, szczeg\u00f3lnie popularne w sporcie.<\/p>\n<p>Wraz z wyci\u0105gark\u0105 otrzymujemy: lin\u0119 stalow\u0105, hak, zestaw sterowania wraz z okablowaniem, prowadnic\u0119 rolkow\u0105, pilota przewodowego oraz bezprzewodowego, \u015bruby monta\u017cowe.<\/p>\n<p>Zastosowanie:ATV,UTV<br \/>\nNapi\u0119cie:12V<br \/>\nMoc:1,9 KM<br \/>\nUci\u0105g:4500 lb\/ 2041 kg<br \/>\nPrzek\u0142adnia:tr\u00f3jstopniowa przek\u0142adnia planetarna<br \/>\nRedukcja:136:1<br \/>\nRodzaj hamulca:automatyczny<br \/>\nD\u0142ugo\u015b\u0107 liny stalowej:15 m<br \/>\nD\u0142ugo\u015b\u0107 liny syntetycznej :15 m<br \/>\nWaga zestawu brutto:13 kg<br \/>\nRozstaw \u015brub monta\u017cowych:124 mm x 76 mm<br \/>\nWymiary wyci\u0105garki (LxWxH):340 mm x 114 mm x 120 mm<\/p>\n<p>W zestawie:<\/p>\n<p>lina stalowa lub syntetyczna<br \/>\nhak<br \/>\nzestaw sterowania wraz z okablowaniem<br \/>\nprowadnica rolkowa lub \u015blizgowa<br \/>\nuniwersalna p\u0142yta monta\u017cowa<br \/>\nprze\u0142\u0105cznik na kierownic\u0119 oraz pilot bezprzewodowy<br \/>\n\u015bruby monta\u017cowe<br \/>\nSzybko\u015b\u0107 zwijania liny i pob\u00f3r pr\u0105du (pierwsza warstwa liny na b\u0119bnie)<\/p>\n<p>Szybko\u015b\u0107 zwijania liny (pierwsza warstwa liny na b\u0119bnie)<br \/>\nOBCI\u0104\u017bENIE LINY kg brak 453 907 2041<br \/>\nPR\u0118DKO\u015a\u0106 LINY m\/min 6,3 5,3 4,5 2,1<br \/>\nPOB\u00d3R PR\u0104DU 12V ampery 23 40 81 160<br \/>\nSi\u0142a uci\u0105gu w zale\u017cno\u015bci od warstwy liny<br \/>\nWARSTWA LINY 1 2 3 4 5<br \/>\nUCI\u0104G LINY kg 2041 1612 1388 1204 1001<br \/>\nILO\u015a\u0106 LINY W B\u0118BNIE m 2,3 4,9 8,0 11,4 15,0<\/p>\n<p>Przed zakupem zapytaj nas o dost\u0119pno\u015b\u0107.<br \/>\nSzukasz innych cz\u0119\u015bci do CFMOTO?<br \/>\nNapisz lub zadzwo\u0144. Tw\u00f3j autoryzowany dealer CFMOTO.<\/p>\n<p>Sklep ATV-QUAD<br \/>\n05-400 Otwock ul. \u0141ugi 82<br \/>\nCzynny<br \/>\nod Poniedzia\u0142ku do Pi\u0105tku<br \/>\n10:00 \u2013 18:00<br \/>\ntel. 791 477 830<\/p>\n<p><a href=\"https:\/\/www.facebook.com\/quadyotwock\">https:\/\/www.facebook.com\/quadyotwock<\/a><br \/>\n<a href=\"https:\/\/g.page\/QUADYOTWOCK?share\">https:\/\/g.page\/QUADYOTWOCK?share<\/a><br \/>\nznajd\u017a nas na FACEBOOKU i GOOGLE zostaw recenzj\u0119 a otrzymasz 10% rabatu na zam\u00f3wienie!<\/p>\n<p><a href=\"https:\/\/www.instagram.com\/atvquadotwock\">https:\/\/www.instagram.com\/atvquadotwock<\/a> obserwuj nas na instagramie a dowiesz si\u0119 o nowo\u015bciach,<br \/>\ntuningowaniu quad\u00f3w jak i relacji z przegl\u0105d\u00f3w.<\/p>\n","protected":false},"excerpt":{"rendered":"<p>Wyci\u0105garki DRAGON WINCH seria Highlander\u00a0zaprojektowane zosta\u0142y z my\u015bl\u0105 o pojazdach terenowych oraz ci\u0119\u017ckich warunkach w jakich pracuj\u0105. Zastosowany w nich&hellip;<\/p>\n","protected":false},"featured_media":0,"template":"","meta":{"spay_email":""},"product_cat":[39],"product_tag":[],"woo-feed-brand":[],"acf":[],"_links":{"self":[{"href":"https:\/\/www.atvquadotwock.pl\/sklep\/wp-json\/wp\/v2\/product\/1835"}],"collection":[{"href":"https:\/\/www.atvquadotwock.pl\/sklep\/wp-json\/wp\/v2\/product"}],"about":[{"href":"https:\/\/www.atvquadotwock.pl\/sklep\/wp-json\/wp\/v2\/types\/product"}],"wp:attachment":[{"href":"https:\/\/www.atvquadotwock.pl\/sklep\/wp-json\/wp\/v2\/media?parent=1835"}],"wp:term":[{"taxonomy":"product_cat","embeddable":true,"href":"https:\/\/www.atvquadotwock.pl\/sklep\/wp-json\/wp\/v2\/product_cat?post=1835"},{"taxonomy":"product_tag","embeddable":true,"href":"https:\/\/www.atvquadotwock.pl\/sklep\/wp-json\/wp\/v2\/product_tag?post=1835"},{"taxonomy":"woo-feed-brand","embeddable":true,"href":"https:\/\/www.atvquadotwock.pl\/sklep\/wp-json\/wp\/v2\/woo-feed-brand?post=1835"}],"curies":[{"name":"wp","href":"https:\/\/api.w.org\/{rel}","templated":true}]}}