{"id":1830,"date":"2020-12-14T11:52:51","date_gmt":"2020-12-14T11:52:51","guid":{"rendered":"https:\/\/www.atvquadotwock.pl\/sklep\/?post_type=product&#038;p=1830"},"modified":"2022-01-26T16:17:37","modified_gmt":"2022-01-26T16:17:37","slug":"wyciagarka-husar-winch-bst-s-3500-atv-quad-utv-12v","status":"publish","type":"product","link":"https:\/\/www.atvquadotwock.pl\/sklep\/produkt\/wyciagarka-husar-winch-bst-s-3500-atv-quad-utv-12v\/","title":{"rendered":"WYCI\u0104GARKA HUSAR WINCH BST S 3500 ATV Quad UTV 12V"},"content":{"rendered":"<p>HUSAR WINCH BST S 3500 LBS<br \/>\nSpecyfikacja wyci\u0105garki:<\/p>\n<p>Uci\u0105g: 3500 lb \/ 1587 kg<br \/>\nNapi\u0119cie: 12V<br \/>\nMoc: 1,5 KM<br \/>\nPrzek\u0142adnia: jednostopniowa<br \/>\nRedukcja: 198:1<br \/>\nHamulec: automatyczny<br \/>\nD\u0142ugo\u015b\u0107 liny: 12 m<br \/>\nGrubo\u015b\u0107 liny: 5,5 mm<br \/>\nLina: syntetyczna<br \/>\nWymiary wyci\u0105garki (LxWxH): 334mm \u00d7 114mm \u00d7 120mm<br \/>\nWaga zestawu brutto: 8 kg<\/p>\n<p>ZAWARTO\u015a\u0106 ZESTAWU<\/p>\n<p>wyci\u0105garka HUSAR BST S 3500 LBS<br \/>\nsterowanie<br \/>\npilot przewodowy<br \/>\nprzewody<br \/>\nlina stalowa<br \/>\nhak<br \/>\nprowadnica liny rolkowa<br \/>\n\u015bruby monta\u017cowe<br \/>\ninstrukcja<br \/>\nHusar Winch BST S 3500 LBS to mocna wyci\u0105garka elektryczna dedykowana do Quad\u00f3w, pojazd\u00f3w UTV lub obs\u0142ugi p\u0142uga.<\/p>\n<p>Husar Winch to solidna jako\u015b\u0107 w przyst\u0119pnej cenie.<\/p>\n<p>Husar Winch to marka firmy GRUPA PROFEL INNOVATION Sp. z o.o. od 60lat kojarzonej z wysok\u0105 jako\u015bci\u0105 obr\u00f3bki metali i pow\u0142ok galwanicznych, wieloletnie do\u015bwiadczenie w produkcji dla sektor\u00f3w przemys\u0142u ci\u0119\u017ckiego i wojskowego w kraju i za granic\u0105, zaowocowa\u0142o stworzeniem produktu wysokiej jako\u015bci jakimi s\u0105 typoszeregi wyci\u0105garek a wprowadzane innowacje zar\u00f3wno do poszczeg\u00f3lnych modeli wyci\u0105garek jak i metod produkcyjnych czyni\u0105 mark\u0119 Husar nowoczesnym produktem. Wyci\u0105garki marki Husar, testowane na poligonach do\u015bwiadczalnych dla motoryzacji, przemys\u0142u i obronno\u015bci, zosta\u0142y ju\u017c ciep\u0142o przyj\u0119te na rynku krajowym jak r\u00f3wnie\u017c z powodzeniem podbijaj\u0105 rynek europejski.<\/p>\n","protected":false},"excerpt":{"rendered":"<p>HUSAR WINCH BST S 3500 LBS Specyfikacja wyci\u0105garki: Uci\u0105g: 3500 lb \/ 1587 kg Napi\u0119cie: 12V Moc: 1,5 KM Przek\u0142adnia:&hellip;<\/p>\n","protected":false},"featured_media":1831,"template":"","meta":{"spay_email":""},"product_cat":[39],"product_tag":[],"woo-feed-brand":[],"acf":[],"_links":{"self":[{"href":"https:\/\/www.atvquadotwock.pl\/sklep\/wp-json\/wp\/v2\/product\/1830"}],"collection":[{"href":"https:\/\/www.atvquadotwock.pl\/sklep\/wp-json\/wp\/v2\/product"}],"about":[{"href":"https:\/\/www.atvquadotwock.pl\/sklep\/wp-json\/wp\/v2\/types\/product"}],"wp:featuredmedia":[{"embeddable":true,"href":"https:\/\/www.atvquadotwock.pl\/sklep\/wp-json\/wp\/v2\/media\/1831"}],"wp:attachment":[{"href":"https:\/\/www.atvquadotwock.pl\/sklep\/wp-json\/wp\/v2\/media?parent=1830"}],"wp:term":[{"taxonomy":"product_cat","embeddable":true,"href":"https:\/\/www.atvquadotwock.pl\/sklep\/wp-json\/wp\/v2\/product_cat?post=1830"},{"taxonomy":"product_tag","embeddable":true,"href":"https:\/\/www.atvquadotwock.pl\/sklep\/wp-json\/wp\/v2\/product_tag?post=1830"},{"taxonomy":"woo-feed-brand","embeddable":true,"href":"https:\/\/www.atvquadotwock.pl\/sklep\/wp-json\/wp\/v2\/woo-feed-brand?post=1830"}],"curies":[{"name":"wp","href":"https:\/\/api.w.org\/{rel}","templated":true}]}}