{"id":175,"date":"2020-05-04T10:53:38","date_gmt":"2020-05-04T10:53:38","guid":{"rendered":"https:\/\/www.atvquadotwock.pl\/sklep\/?post_type=product&#038;p=175"},"modified":"2023-03-02T21:08:50","modified_gmt":"2023-03-02T21:08:50","slug":"kufer-atv-gka-cfmoto-450-520-model-tesseract-x4","status":"publish","type":"product","link":"https:\/\/www.atvquadotwock.pl\/sklep\/produkt\/kufer-atv-gka-cfmoto-450-520-model-tesseract-x4\/","title":{"rendered":"KUFER ATV GKA CFMOTO 450 520 550 600 (metalowy baga\u017cnik) MODEL TESSERACT X4"},"content":{"rendered":"<p>Tylny kufer zosta\u0142 zaprojektowany specjalnie dla quad\u00f3w CFMOTO 450 520 550 600 (wersja z metalowym baga\u017cnikiem)\/ i pasuje tylko do tych modeli. Idealnie pasuje do baga\u017cnika i nie przeszkadza pasa\u017cerowi ani nie wystaje poza wymiary quada. B\u0119dzie to idealne uzupe\u0142nienie twojego ATV.<\/p>\n<p>Wytrzyma\u0142e metalowe zamki z kluczami zapewniaj\u0105 bezpiecze\u0144stwo twoich rzeczy.<\/p>\n<p>Gumowa uszczelka pokrywy chroni twoje rzeczy przed wilgoci\u0105, brudem i kurzem nawet w najtrudniejszych warunkach.<\/p>\n<p>Kufer wyposa\u017cony w zestaw monta\u017cowy &#8211; cybanty.<\/p>\n<p>Kufer ma obj\u0119to\u015b\u0107 92L i \u0142atwo mie\u015bci 2 kaski.<\/p>\n<p>Kompletny zestaw zawiera:<br \/>\n4 szybko z\u0142\u0105cza.<br \/>\n2 metalowe zamki z kluczami<br \/>\nWaga: 8,5 kg \/ 18,73 funta<br \/>\nWymiary DxSxW: 1110\u0445480\u0445370 mm \/ 43,7 &#8220;x 18,9&#8243; x 14,56 &#8221;<br \/>\nObj\u0119to\u015b\u0107: 92 l \/ 24,3 ga<\/p>\n<p>UWAGA! WYSY\u0141KA KUFR\u00d3W TYLKO POCZT\u0104 POLSK\u0104 Z RACJI GABARYT\u00d3W<\/p>\n","protected":false},"excerpt":{"rendered":"<blockquote><p>&nbsp;<\/p><\/blockquote>\n","protected":false},"featured_media":176,"template":"","meta":{"spay_email":""},"product_cat":[90,91,92,93,24],"product_tag":[],"woo-feed-brand":[],"acf":[],"_links":{"self":[{"href":"https:\/\/www.atvquadotwock.pl\/sklep\/wp-json\/wp\/v2\/product\/175"}],"collection":[{"href":"https:\/\/www.atvquadotwock.pl\/sklep\/wp-json\/wp\/v2\/product"}],"about":[{"href":"https:\/\/www.atvquadotwock.pl\/sklep\/wp-json\/wp\/v2\/types\/product"}],"wp:featuredmedia":[{"embeddable":true,"href":"https:\/\/www.atvquadotwock.pl\/sklep\/wp-json\/wp\/v2\/media\/176"}],"wp:attachment":[{"href":"https:\/\/www.atvquadotwock.pl\/sklep\/wp-json\/wp\/v2\/media?parent=175"}],"wp:term":[{"taxonomy":"product_cat","embeddable":true,"href":"https:\/\/www.atvquadotwock.pl\/sklep\/wp-json\/wp\/v2\/product_cat?post=175"},{"taxonomy":"product_tag","embeddable":true,"href":"https:\/\/www.atvquadotwock.pl\/sklep\/wp-json\/wp\/v2\/product_tag?post=175"},{"taxonomy":"woo-feed-brand","embeddable":true,"href":"https:\/\/www.atvquadotwock.pl\/sklep\/wp-json\/wp\/v2\/woo-feed-brand?post=175"}],"curies":[{"name":"wp","href":"https:\/\/api.w.org\/{rel}","templated":true}]}}