{"id":1723,"date":"2020-11-26T15:36:10","date_gmt":"2020-11-26T15:36:10","guid":{"rendered":"https:\/\/www.atvquadotwock.pl\/sklep\/?post_type=product&#038;p=1723"},"modified":"2020-11-26T15:36:11","modified_gmt":"2020-11-26T15:36:11","slug":"guma-stablizatora-cfmoto-850-1000-7000-060003","status":"publish","type":"product","link":"https:\/\/www.atvquadotwock.pl\/sklep\/produkt\/guma-stablizatora-cfmoto-850-1000-7000-060003\/","title":{"rendered":"Guma stablizatora CFMOTO 850 1000 7000-060003"},"content":{"rendered":"<p>CENA ZA PO\u0141\u00d3WK\u0118. NA 1 STABILIZATOR POTRZEBA 4SZT.<\/p>\n<p>SUPPORTER, SWAY BAR<\/p>\n<p>KOD OEM: 7000-060003<\/p>\n","protected":false},"excerpt":{"rendered":"<p>CENA ZA PO\u0141\u00d3WK\u0118. NA 1 STABILIZATOR POTRZEBA 4SZT. SUPPORTER, SWAY BAR KOD OEM: 7000-060003<\/p>\n","protected":false},"featured_media":1719,"template":"","meta":{"spay_email":""},"product_cat":[97,98,109,107,108],"product_tag":[],"woo-feed-brand":[],"acf":[],"_links":{"self":[{"href":"https:\/\/www.atvquadotwock.pl\/sklep\/wp-json\/wp\/v2\/product\/1723"}],"collection":[{"href":"https:\/\/www.atvquadotwock.pl\/sklep\/wp-json\/wp\/v2\/product"}],"about":[{"href":"https:\/\/www.atvquadotwock.pl\/sklep\/wp-json\/wp\/v2\/types\/product"}],"wp:featuredmedia":[{"embeddable":true,"href":"https:\/\/www.atvquadotwock.pl\/sklep\/wp-json\/wp\/v2\/media\/1719"}],"wp:attachment":[{"href":"https:\/\/www.atvquadotwock.pl\/sklep\/wp-json\/wp\/v2\/media?parent=1723"}],"wp:term":[{"taxonomy":"product_cat","embeddable":true,"href":"https:\/\/www.atvquadotwock.pl\/sklep\/wp-json\/wp\/v2\/product_cat?post=1723"},{"taxonomy":"product_tag","embeddable":true,"href":"https:\/\/www.atvquadotwock.pl\/sklep\/wp-json\/wp\/v2\/product_tag?post=1723"},{"taxonomy":"woo-feed-brand","embeddable":true,"href":"https:\/\/www.atvquadotwock.pl\/sklep\/wp-json\/wp\/v2\/woo-feed-brand?post=1723"}],"curies":[{"name":"wp","href":"https:\/\/api.w.org\/{rel}","templated":true}]}}