{"id":1695,"date":"2020-11-24T13:02:09","date_gmt":"2020-11-24T13:02:09","guid":{"rendered":"https:\/\/www.atvquadotwock.pl\/sklep\/?post_type=product&#038;p=1695"},"modified":"2023-03-30T10:03:38","modified_gmt":"2023-03-30T10:03:38","slug":"komputer-cfmoto-450-520-550-sterownik-modul-odblokowany","status":"publish","type":"product","link":"https:\/\/www.atvquadotwock.pl\/sklep\/produkt\/komputer-cfmoto-450-520-550-sterownik-modul-odblokowany\/","title":{"rendered":"Komputer CFMOTO 450 520 550 sterownik modu\u0142 odblokowany"},"content":{"rendered":"<p>Nowy w folii komputer do CFMOTO 520 550<\/p>\n<p>Modu\u0142 odblokowany ma Vmax czyli quad jedzie na nim oko\u0142o 100km\/h.<\/p>\n<p>Mo\u017cliwo\u015b\u0107 odblokowania ka\u017cdego sterownika koszt od 500z\u0142<\/p>\n<p>&nbsp;<\/p>\n<p>kod oem: 0GR0-174000-50000 ECU Specification: BOSCH MSE6.0<\/p>\n","protected":false},"excerpt":{"rendered":"<p>Nowy w folii komputer do CFMOTO 520 550 Modu\u0142 odblokowany ma Vmax czyli quad jedzie na nim oko\u0142o 100km\/h. Mo\u017cliwo\u015b\u0107&hellip;<\/p>\n","protected":false},"featured_media":1696,"template":"","meta":{"spay_email":""},"product_cat":[90,91,92],"product_tag":[],"woo-feed-brand":[],"acf":[],"_links":{"self":[{"href":"https:\/\/www.atvquadotwock.pl\/sklep\/wp-json\/wp\/v2\/product\/1695"}],"collection":[{"href":"https:\/\/www.atvquadotwock.pl\/sklep\/wp-json\/wp\/v2\/product"}],"about":[{"href":"https:\/\/www.atvquadotwock.pl\/sklep\/wp-json\/wp\/v2\/types\/product"}],"wp:featuredmedia":[{"embeddable":true,"href":"https:\/\/www.atvquadotwock.pl\/sklep\/wp-json\/wp\/v2\/media\/1696"}],"wp:attachment":[{"href":"https:\/\/www.atvquadotwock.pl\/sklep\/wp-json\/wp\/v2\/media?parent=1695"}],"wp:term":[{"taxonomy":"product_cat","embeddable":true,"href":"https:\/\/www.atvquadotwock.pl\/sklep\/wp-json\/wp\/v2\/product_cat?post=1695"},{"taxonomy":"product_tag","embeddable":true,"href":"https:\/\/www.atvquadotwock.pl\/sklep\/wp-json\/wp\/v2\/product_tag?post=1695"},{"taxonomy":"woo-feed-brand","embeddable":true,"href":"https:\/\/www.atvquadotwock.pl\/sklep\/wp-json\/wp\/v2\/woo-feed-brand?post=1695"}],"curies":[{"name":"wp","href":"https:\/\/api.w.org\/{rel}","templated":true}]}}