{"id":1651,"date":"2020-11-18T14:57:23","date_gmt":"2020-11-18T14:57:23","guid":{"rendered":"https:\/\/www.atvquadotwock.pl\/sklep\/?post_type=product&#038;p=1651"},"modified":"2020-11-18T14:58:18","modified_gmt":"2020-11-18T14:58:18","slug":"nakretka-kola-centralna-piasty-polosi-cfmoto-500-625-x5-x6-9010-070003","status":"publish","type":"product","link":"https:\/\/www.atvquadotwock.pl\/sklep\/produkt\/nakretka-kola-centralna-piasty-polosi-cfmoto-500-625-x5-x6-9010-070003\/","title":{"rendered":"Nakr\u0119tka ko\u0142a CENTRALNA piasty p\u00f3\u0142osi CFMOTO 500 625 x5 x6 9010-070003"},"content":{"rendered":"<p>M18 NA 27 KLUCZ &#8220;STARY TYP&#8221; KOD OEM: 9010-070003<\/p>\n<p>NA INNEJ AUKCJI DOST\u0118PNA NAKR\u0118TKA DO NOWSZYCH CFMOTO.<\/p>\n","protected":false},"excerpt":{"rendered":"<p>M18 NA 27 KLUCZ &#8220;STARY TYP&#8221; KOD OEM: 9010-070003 NA INNEJ AUKCJI DOST\u0118PNA NAKR\u0118TKA DO NOWSZYCH CFMOTO.<\/p>\n","protected":false},"featured_media":1652,"template":"","meta":{"spay_email":""},"product_cat":[100,94],"product_tag":[],"woo-feed-brand":[],"acf":[],"_links":{"self":[{"href":"https:\/\/www.atvquadotwock.pl\/sklep\/wp-json\/wp\/v2\/product\/1651"}],"collection":[{"href":"https:\/\/www.atvquadotwock.pl\/sklep\/wp-json\/wp\/v2\/product"}],"about":[{"href":"https:\/\/www.atvquadotwock.pl\/sklep\/wp-json\/wp\/v2\/types\/product"}],"wp:featuredmedia":[{"embeddable":true,"href":"https:\/\/www.atvquadotwock.pl\/sklep\/wp-json\/wp\/v2\/media\/1652"}],"wp:attachment":[{"href":"https:\/\/www.atvquadotwock.pl\/sklep\/wp-json\/wp\/v2\/media?parent=1651"}],"wp:term":[{"taxonomy":"product_cat","embeddable":true,"href":"https:\/\/www.atvquadotwock.pl\/sklep\/wp-json\/wp\/v2\/product_cat?post=1651"},{"taxonomy":"product_tag","embeddable":true,"href":"https:\/\/www.atvquadotwock.pl\/sklep\/wp-json\/wp\/v2\/product_tag?post=1651"},{"taxonomy":"woo-feed-brand","embeddable":true,"href":"https:\/\/www.atvquadotwock.pl\/sklep\/wp-json\/wp\/v2\/woo-feed-brand?post=1651"}],"curies":[{"name":"wp","href":"https:\/\/api.w.org\/{rel}","templated":true}]}}