{"id":1648,"date":"2020-11-17T16:48:39","date_gmt":"2020-11-17T16:48:39","guid":{"rendered":"https:\/\/www.atvquadotwock.pl\/sklep\/?post_type=product&#038;p=1648"},"modified":"2020-11-17T16:49:09","modified_gmt":"2020-11-17T16:49:09","slug":"lampa-tyl-tylna-lewa-cfmoto-800-820-cf-moto-9060-160210-2","status":"publish","type":"product","link":"https:\/\/www.atvquadotwock.pl\/sklep\/produkt\/lampa-tyl-tylna-lewa-cfmoto-800-820-cf-moto-9060-160210-2\/","title":{"rendered":"Lampa ty\u0142 tylna LEWA CFMOTO 800 820 CF MOTO 9060-160210"},"content":{"rendered":"<p>Lampa kompletna z wi\u0105zk\u0105 oraz \u017car\u00f3wkami.<\/p>\n<p>Pasuje do CFMOTO 800 820<\/p>\n<p>KOD OEM: 9060-160210<\/p>\n","protected":false},"excerpt":{"rendered":"<p>Lampa kompletna z wi\u0105zk\u0105 oraz \u017car\u00f3wkami. Pasuje do CFMOTO 800 820 KOD OEM: 9060-160210<\/p>\n","protected":false},"featured_media":1634,"template":"","meta":{"spay_email":""},"product_cat":[95,96],"product_tag":[],"woo-feed-brand":[],"acf":[],"_links":{"self":[{"href":"https:\/\/www.atvquadotwock.pl\/sklep\/wp-json\/wp\/v2\/product\/1648"}],"collection":[{"href":"https:\/\/www.atvquadotwock.pl\/sklep\/wp-json\/wp\/v2\/product"}],"about":[{"href":"https:\/\/www.atvquadotwock.pl\/sklep\/wp-json\/wp\/v2\/types\/product"}],"wp:featuredmedia":[{"embeddable":true,"href":"https:\/\/www.atvquadotwock.pl\/sklep\/wp-json\/wp\/v2\/media\/1634"}],"wp:attachment":[{"href":"https:\/\/www.atvquadotwock.pl\/sklep\/wp-json\/wp\/v2\/media?parent=1648"}],"wp:term":[{"taxonomy":"product_cat","embeddable":true,"href":"https:\/\/www.atvquadotwock.pl\/sklep\/wp-json\/wp\/v2\/product_cat?post=1648"},{"taxonomy":"product_tag","embeddable":true,"href":"https:\/\/www.atvquadotwock.pl\/sklep\/wp-json\/wp\/v2\/product_tag?post=1648"},{"taxonomy":"woo-feed-brand","embeddable":true,"href":"https:\/\/www.atvquadotwock.pl\/sklep\/wp-json\/wp\/v2\/woo-feed-brand?post=1648"}],"curies":[{"name":"wp","href":"https:\/\/api.w.org\/{rel}","templated":true}]}}