{"id":1642,"date":"2020-11-17T16:30:10","date_gmt":"2020-11-17T16:30:10","guid":{"rendered":"https:\/\/www.atvquadotwock.pl\/sklep\/?post_type=product&#038;p=1642"},"modified":"2020-11-17T16:38:20","modified_gmt":"2020-11-17T16:38:20","slug":"magneto-kolo-magnesowe-o-zwiekszonej-wydajnosci-cfmoto-800-820-850-1000-eps-0800-031000-2000","status":"publish","type":"product","link":"https:\/\/www.atvquadotwock.pl\/sklep\/produkt\/magneto-kolo-magnesowe-o-zwiekszonej-wydajnosci-cfmoto-800-820-850-1000-eps-0800-031000-2000\/","title":{"rendered":"Magneto ko\u0142o magnesowe o zwi\u0119kszonej wydajno\u015bci CFMOTO 800 820 850 1000 EPS 0800-031000-2000"},"content":{"rendered":"<p>Magneto ko\u0142o magnesowe do wersji z wspomaganiem czyli z wydajniejszym \u0142adowaniem pojazdu.<\/p>\n<p>PASUJE DO CFMOTO 800 820 850 1000<\/p>\n<p>&nbsp;<\/p>\n<p>KOD OEM: 0800-031000-2000<\/p>\n<p>Ciekawostka:<\/p>\n<p>Mo\u017cna zastosowa\u0107 do wersji BEZ WSPOMAGANIA ale trzeba dokupi\u0107 STATOR na innej aukcji.<\/p>\n<p>Dzi\u0119ki temu mo\u017cemy mie\u0107 bardzo dobre \u0142adowanie pojazdu.<\/p>\n","protected":false},"excerpt":{"rendered":"<p>Magneto ko\u0142o magnesowe do wersji z wspomaganiem czyli z wydajniejszym \u0142adowaniem pojazdu. PASUJE DO CFMOTO 800 820 850 1000 &nbsp;&hellip;<\/p>\n","protected":false},"featured_media":1643,"template":"","meta":{"spay_email":""},"product_cat":[95,96,97,98,109,107,108],"product_tag":[],"woo-feed-brand":[],"acf":[],"_links":{"self":[{"href":"https:\/\/www.atvquadotwock.pl\/sklep\/wp-json\/wp\/v2\/product\/1642"}],"collection":[{"href":"https:\/\/www.atvquadotwock.pl\/sklep\/wp-json\/wp\/v2\/product"}],"about":[{"href":"https:\/\/www.atvquadotwock.pl\/sklep\/wp-json\/wp\/v2\/types\/product"}],"wp:featuredmedia":[{"embeddable":true,"href":"https:\/\/www.atvquadotwock.pl\/sklep\/wp-json\/wp\/v2\/media\/1643"}],"wp:attachment":[{"href":"https:\/\/www.atvquadotwock.pl\/sklep\/wp-json\/wp\/v2\/media?parent=1642"}],"wp:term":[{"taxonomy":"product_cat","embeddable":true,"href":"https:\/\/www.atvquadotwock.pl\/sklep\/wp-json\/wp\/v2\/product_cat?post=1642"},{"taxonomy":"product_tag","embeddable":true,"href":"https:\/\/www.atvquadotwock.pl\/sklep\/wp-json\/wp\/v2\/product_tag?post=1642"},{"taxonomy":"woo-feed-brand","embeddable":true,"href":"https:\/\/www.atvquadotwock.pl\/sklep\/wp-json\/wp\/v2\/woo-feed-brand?post=1642"}],"curies":[{"name":"wp","href":"https:\/\/api.w.org\/{rel}","templated":true}]}}